{"id":17766,"date":"2025-10-10T09:07:58","date_gmt":"2025-10-10T07:07:58","guid":{"rendered":"https:\/\/asbhp.pl\/produkt\/polbut-skorzany-helios-low-s3\/"},"modified":"2025-10-10T09:08:56","modified_gmt":"2025-10-10T07:08:56","slug":"40-5","status":"publish","type":"product","link":"https:\/\/asbhp.pl\/?product=40-5","title":{"rendered":"40"},"content":{"rendered":"<ul>\n<li>Sk\u00f3ra naturalna nubukowa\n<li>Podnosek Kompozytowy\n<li>Wk\u0142adka kevlarowa\n<li>Podeszwa PU\/TPU &#8211; Dwustopniowy wtrysk poliuretanu i poliuretanu termoplastycznego\n<li>Podeszwa antypo\u015blizgowa SR\/SRC\n<li>Podeszwa olejoodporna\n<li>Podeszwa antyelektrostatyczna\n<li>Zabudowana pi\u0119ta\n<li>System Anti- shock\n<li>Podwy\u017cszona wodoodporno\u015b\u0107\n<li>Wbudowana zapi\u0119tka sk\u00f3rzana\n<li>Okr\u0105g\u0142e wzmacniane poliestrowe sznurowad\u0142a\n<li>Metal Free\n<li>Element odblaskowy<\/ul>\n","protected":false},"excerpt":{"rendered":"<p>Sk\u00f3ra naturalna nubukowa Podnosek Kompozytowy Wk\u0142adka kevlarowa Podeszwa PU\/TPU &#8211; Dwustopniowy wtrysk poliuretanu i poliuretanu termoplastycznego Podeszwa antypo\u015blizgowa SR\/SRC Podeszwa olejoodporna Podeszwa antyelektrostatyczna Zabudowana pi\u0119ta System Anti- shock Podwy\u017cszona wodoodporno\u015b\u0107 Wbudowana zapi\u0119tka sk\u00f3rzana Okr\u0105g\u0142e wzmacniane poliestrowe sznurowad\u0142a Metal Free Element odblaskowy<\/p>\n","protected":false},"featured_media":21836,"comment_status":"closed","ping_status":"open","template":"","meta":[],"product_brand":[483],"product_cat":[21,46,792],"product_tag":[],"class_list":{"0":"post-17766","1":"product","2":"type-product","3":"status-publish","4":"has-post-thumbnail","6":"product_brand-stalco-perfect","7":"product_cat-obuwie-robocze","8":"product_cat-polbuty","9":"product_cat-polbuty-robocze","10":"pa_producent-stalco-perfect","11":"pa_rozmiar-206","12":"pa_rozmiar-207","13":"pa_rozmiar-208","14":"pa_rozmiar-209","15":"pa_rozmiar-161","16":"pa_rozmiar-210","17":"pa_rozmiar-162","18":"pa_rozmiar-211","19":"pa_waga-1-37","20":"pa_waga-1-39","21":"pa_waga-1-4","22":"pa_waga-1-44","23":"pa_waga-1-54","24":"pa_waga-1-57","25":"pa_waga-1-65","26":"pa_waga-1-77","28":"first","29":"instock","30":"shipping-taxable","31":"purchasable","32":"product-type-variable","33":"has-default-attributes"},"_links":{"self":[{"href":"https:\/\/asbhp.pl\/index.php?rest_route=\/wp\/v2\/product\/17766","targetHints":{"allow":["GET"]}}],"collection":[{"href":"https:\/\/asbhp.pl\/index.php?rest_route=\/wp\/v2\/product"}],"about":[{"href":"https:\/\/asbhp.pl\/index.php?rest_route=\/wp\/v2\/types\/product"}],"replies":[{"embeddable":true,"href":"https:\/\/asbhp.pl\/index.php?rest_route=%2Fwp%2Fv2%2Fcomments&post=17766"}],"wp:featuredmedia":[{"embeddable":true,"href":"https:\/\/asbhp.pl\/index.php?rest_route=\/wp\/v2\/media\/21836"}],"wp:attachment":[{"href":"https:\/\/asbhp.pl\/index.php?rest_route=%2Fwp%2Fv2%2Fmedia&parent=17766"}],"wp:term":[{"taxonomy":"product_brand","embeddable":true,"href":"https:\/\/asbhp.pl\/index.php?rest_route=%2Fwp%2Fv2%2Fproduct_brand&post=17766"},{"taxonomy":"product_cat","embeddable":true,"href":"https:\/\/asbhp.pl\/index.php?rest_route=%2Fwp%2Fv2%2Fproduct_cat&post=17766"},{"taxonomy":"product_tag","embeddable":true,"href":"https:\/\/asbhp.pl\/index.php?rest_route=%2Fwp%2Fv2%2Fproduct_tag&post=17766"}],"curies":[{"name":"wp","href":"https:\/\/api.w.org\/{rel}","templated":true}]}}