{"id":17838,"date":"2025-10-10T09:07:58","date_gmt":"2025-10-10T07:07:58","guid":{"rendered":"https:\/\/asbhp.pl\/produkt\/polbut-damski-olivia-s1\/"},"modified":"2025-10-10T09:08:56","modified_gmt":"2025-10-10T07:08:56","slug":"35","status":"publish","type":"product","link":"https:\/\/asbhp.pl\/?product=35","title":{"rendered":"35"},"content":{"rendered":"<ul>\n<li>Cholewka materia\u0142owa Mesh<\/li>\n<li>Podnosek Kompozytowy<\/li>\n<li>Podeszwa EVA + RUBBER<\/li>\n<li>Podeszwa antypo\u015blizgowa SR\/SRC<\/li>\n<li>Podeszwa olejoodporna<\/li>\n<li>Podeszwa antyelektrostatyczna<\/li>\n<li>Zabudowana pi\u0119ta<\/li>\n<li>System Anti- shock<\/li>\n<li>Wbudowana zapi\u0119tka sk\u00f3rzana<\/li>\n<li>Element odblaskowy<\/li>\n<li>Wyprofilowane wn\u0119trze buta<\/li>\n<li>Wymienna wk\u0142adka piankowa<\/li>\n<li>Zalewany Nosek PU<\/li>\n<\/ul>\n","protected":false},"excerpt":{"rendered":"<p>Cholewka materia\u0142owa Mesh Podnosek Kompozytowy Podeszwa EVA + RUBBER Podeszwa antypo\u015blizgowa SR\/SRC Podeszwa olejoodporna Podeszwa antyelektrostatyczna Zabudowana pi\u0119ta System Anti- shock Wbudowana zapi\u0119tka sk\u00f3rzana Element odblaskowy Wyprofilowane wn\u0119trze buta Wymienna wk\u0142adka piankowa Zalewany Nosek PU<\/p>\n","protected":false},"featured_media":21900,"comment_status":"closed","ping_status":"open","template":"","meta":[],"product_brand":[483],"product_cat":[21,46,792],"product_tag":[],"class_list":{"0":"post-17838","1":"product","2":"type-product","3":"status-publish","4":"has-post-thumbnail","6":"product_brand-stalco-perfect","7":"product_cat-obuwie-robocze","8":"product_cat-polbuty","9":"product_cat-polbuty-robocze","10":"pa_producent-stalco-perfect","11":"pa_rozmiar-195","12":"pa_rozmiar-202","13":"pa_rozmiar-203","14":"pa_rozmiar-204","15":"pa_rozmiar-205","16":"pa_rozmiar-206","17":"pa_waga-0-83","18":"pa_waga-0-84","19":"pa_waga-0-86","20":"pa_waga-0-88","21":"pa_waga-0-9","22":"pa_waga-0-93","24":"first","25":"instock","26":"shipping-taxable","27":"purchasable","28":"product-type-variable","29":"has-default-attributes"},"_links":{"self":[{"href":"https:\/\/asbhp.pl\/index.php?rest_route=\/wp\/v2\/product\/17838","targetHints":{"allow":["GET"]}}],"collection":[{"href":"https:\/\/asbhp.pl\/index.php?rest_route=\/wp\/v2\/product"}],"about":[{"href":"https:\/\/asbhp.pl\/index.php?rest_route=\/wp\/v2\/types\/product"}],"replies":[{"embeddable":true,"href":"https:\/\/asbhp.pl\/index.php?rest_route=%2Fwp%2Fv2%2Fcomments&post=17838"}],"wp:featuredmedia":[{"embeddable":true,"href":"https:\/\/asbhp.pl\/index.php?rest_route=\/wp\/v2\/media\/21900"}],"wp:attachment":[{"href":"https:\/\/asbhp.pl\/index.php?rest_route=%2Fwp%2Fv2%2Fmedia&parent=17838"}],"wp:term":[{"taxonomy":"product_brand","embeddable":true,"href":"https:\/\/asbhp.pl\/index.php?rest_route=%2Fwp%2Fv2%2Fproduct_brand&post=17838"},{"taxonomy":"product_cat","embeddable":true,"href":"https:\/\/asbhp.pl\/index.php?rest_route=%2Fwp%2Fv2%2Fproduct_cat&post=17838"},{"taxonomy":"product_tag","embeddable":true,"href":"https:\/\/asbhp.pl\/index.php?rest_route=%2Fwp%2Fv2%2Fproduct_tag&post=17838"}],"curies":[{"name":"wp","href":"https:\/\/api.w.org\/{rel}","templated":true}]}}