{"id":17885,"date":"2025-10-10T09:08:57","date_gmt":"2025-10-10T07:08:57","guid":{"rendered":"https:\/\/asbhp.pl\/produkt\/polbut-skorzany-raptor-s1p\/"},"modified":"2025-10-10T09:09:31","modified_gmt":"2025-10-10T07:09:31","slug":"40-7","status":"publish","type":"product","link":"https:\/\/asbhp.pl\/?product=40-7","title":{"rendered":"40"},"content":{"rendered":"<ul>\n<li>Sk\u00f3ra naturalna nubukowa<\/li>\n<li>Podnosek Kompozytowy<\/li>\n<li>Wk\u0142adka kevlarowa<\/li>\n<li>Podeszwa PU\/PU &#8211; Dwustopniowy wtrysk poliuretanu<\/li>\n<li>Podeszwa antypo\u015blizgowa SR\/SRC<\/li>\n<li>Podeszwa antyelektrostatyczna<\/li>\n<li>Zabudowana pi\u0119ta<\/li>\n<li>System Anti- shock<\/li>\n<li>Wbudowana zapi\u0119tka sk\u00f3rzana<\/li>\n<li>Gumowe zapi\u0119cie na trikot<\/li>\n<li>Metal Free<\/li>\n<li>Element odblaskowy<\/li>\n<li>Zalewany Nosek PU<\/li>\n<\/ul>\n","protected":false},"excerpt":{"rendered":"<p>Sk\u00f3ra naturalna nubukowa Podnosek Kompozytowy Wk\u0142adka kevlarowa Podeszwa PU\/PU &#8211; Dwustopniowy wtrysk poliuretanu Podeszwa antypo\u015blizgowa SR\/SRC Podeszwa antyelektrostatyczna Zabudowana pi\u0119ta System Anti- shock Wbudowana zapi\u0119tka sk\u00f3rzana Gumowe zapi\u0119cie na trikot Metal Free Element odblaskowy Zalewany Nosek PU<\/p>\n","protected":false},"featured_media":21932,"comment_status":"closed","ping_status":"open","template":"","meta":[],"product_brand":[483],"product_cat":[21,46,792],"product_tag":[],"class_list":{"0":"post-17885","1":"product","2":"type-product","3":"status-publish","4":"has-post-thumbnail","6":"product_brand-stalco-perfect","7":"product_cat-obuwie-robocze","8":"product_cat-polbuty","9":"product_cat-polbuty-robocze","10":"pa_producent-stalco-perfect","11":"pa_rozmiar-206","12":"pa_rozmiar-207","13":"pa_rozmiar-208","14":"pa_rozmiar-209","15":"pa_rozmiar-161","16":"pa_rozmiar-210","17":"pa_rozmiar-162","18":"pa_rozmiar-211","19":"pa_rozmiar-164","20":"pa_waga-1-45","21":"pa_waga-1-49","22":"pa_waga-1-5","23":"pa_waga-1-525","24":"pa_waga-1-63","25":"pa_waga-1-7","26":"pa_waga-1-72","27":"pa_waga-1-79","28":"pa_waga-1-84","30":"first","31":"instock","32":"shipping-taxable","33":"purchasable","34":"product-type-variable","35":"has-default-attributes"},"_links":{"self":[{"href":"https:\/\/asbhp.pl\/index.php?rest_route=\/wp\/v2\/product\/17885","targetHints":{"allow":["GET"]}}],"collection":[{"href":"https:\/\/asbhp.pl\/index.php?rest_route=\/wp\/v2\/product"}],"about":[{"href":"https:\/\/asbhp.pl\/index.php?rest_route=\/wp\/v2\/types\/product"}],"replies":[{"embeddable":true,"href":"https:\/\/asbhp.pl\/index.php?rest_route=%2Fwp%2Fv2%2Fcomments&post=17885"}],"wp:featuredmedia":[{"embeddable":true,"href":"https:\/\/asbhp.pl\/index.php?rest_route=\/wp\/v2\/media\/21932"}],"wp:attachment":[{"href":"https:\/\/asbhp.pl\/index.php?rest_route=%2Fwp%2Fv2%2Fmedia&parent=17885"}],"wp:term":[{"taxonomy":"product_brand","embeddable":true,"href":"https:\/\/asbhp.pl\/index.php?rest_route=%2Fwp%2Fv2%2Fproduct_brand&post=17885"},{"taxonomy":"product_cat","embeddable":true,"href":"https:\/\/asbhp.pl\/index.php?rest_route=%2Fwp%2Fv2%2Fproduct_cat&post=17885"},{"taxonomy":"product_tag","embeddable":true,"href":"https:\/\/asbhp.pl\/index.php?rest_route=%2Fwp%2Fv2%2Fproduct_tag&post=17885"}],"curies":[{"name":"wp","href":"https:\/\/api.w.org\/{rel}","templated":true}]}}