{"id":18068,"date":"2025-10-10T09:08:57","date_gmt":"2025-10-10T07:08:57","guid":{"rendered":"https:\/\/asbhp.pl\/produkt\/polbut-active-s1\/"},"modified":"2025-10-10T09:09:31","modified_gmt":"2025-10-10T07:09:31","slug":"40-10","status":"publish","type":"product","link":"https:\/\/asbhp.pl\/?product=40-10","title":{"rendered":"40"},"content":{"rendered":"<ul>\n<li>Siatka powlekana PU<\/li>\n<li>Podnosek Kompozytowy<\/li>\n<li>Podeszwa TPU\/EVA\/RUBBER<\/li>\n<li>Podeszwa antypo\u015blizgowa SR\/SRC<\/li>\n<li>Podeszwa olejoodporna<\/li>\n<li>Podeszwa antyelektrostatyczna<\/li>\n<li>Zabudowana pi\u0119ta<\/li>\n<li>System Anti- shock<\/li>\n<li>Wbudowana zapi\u0119tka sk\u00f3rzana<\/li>\n<li>Wyprofilowane wn\u0119trze buta<\/li>\n<li>Zalewany Nosek PU<\/li>\n<\/ul>\n","protected":false},"excerpt":{"rendered":"<p>Siatka powlekana PU Podnosek Kompozytowy Podeszwa TPU\/EVA\/RUBBER Podeszwa antypo\u015blizgowa SR\/SRC Podeszwa olejoodporna Podeszwa antyelektrostatyczna Zabudowana pi\u0119ta System Anti- shock Wbudowana zapi\u0119tka sk\u00f3rzana Wyprofilowane wn\u0119trze buta Zalewany Nosek PU<\/p>\n","protected":false},"featured_media":22092,"comment_status":"closed","ping_status":"open","template":"","meta":[],"product_brand":[483],"product_cat":[21,46,792],"product_tag":[],"class_list":{"0":"post-18068","1":"product","2":"type-product","3":"status-publish","4":"has-post-thumbnail","6":"product_brand-stalco-perfect","7":"product_cat-obuwie-robocze","8":"product_cat-polbuty","9":"product_cat-polbuty-robocze","10":"pa_producent-stalco-perfect","11":"pa_rozmiar-206","12":"pa_rozmiar-207","13":"pa_rozmiar-208","14":"pa_rozmiar-209","15":"pa_rozmiar-161","16":"pa_rozmiar-210","17":"pa_rozmiar-162","18":"pa_rozmiar-211","19":"pa_rozmiar-164","20":"pa_waga-1-19","21":"pa_waga-1-2","22":"pa_waga-1-25","23":"pa_waga-1-4","24":"pa_waga-1-5","25":"pa_waga-1-56","26":"pa_waga-1-58","27":"pa_waga-1-59","29":"first","30":"instock","31":"shipping-taxable","32":"purchasable","33":"product-type-variable","34":"has-default-attributes"},"_links":{"self":[{"href":"https:\/\/asbhp.pl\/index.php?rest_route=\/wp\/v2\/product\/18068","targetHints":{"allow":["GET"]}}],"collection":[{"href":"https:\/\/asbhp.pl\/index.php?rest_route=\/wp\/v2\/product"}],"about":[{"href":"https:\/\/asbhp.pl\/index.php?rest_route=\/wp\/v2\/types\/product"}],"replies":[{"embeddable":true,"href":"https:\/\/asbhp.pl\/index.php?rest_route=%2Fwp%2Fv2%2Fcomments&post=18068"}],"wp:featuredmedia":[{"embeddable":true,"href":"https:\/\/asbhp.pl\/index.php?rest_route=\/wp\/v2\/media\/22092"}],"wp:attachment":[{"href":"https:\/\/asbhp.pl\/index.php?rest_route=%2Fwp%2Fv2%2Fmedia&parent=18068"}],"wp:term":[{"taxonomy":"product_brand","embeddable":true,"href":"https:\/\/asbhp.pl\/index.php?rest_route=%2Fwp%2Fv2%2Fproduct_brand&post=18068"},{"taxonomy":"product_cat","embeddable":true,"href":"https:\/\/asbhp.pl\/index.php?rest_route=%2Fwp%2Fv2%2Fproduct_cat&post=18068"},{"taxonomy":"product_tag","embeddable":true,"href":"https:\/\/asbhp.pl\/index.php?rest_route=%2Fwp%2Fv2%2Fproduct_tag&post=18068"}],"curies":[{"name":"wp","href":"https:\/\/api.w.org\/{rel}","templated":true}]}}