{"id":18165,"date":"2025-10-10T09:08:57","date_gmt":"2025-10-10T07:08:57","guid":{"rendered":"https:\/\/asbhp.pl\/produkt\/polbut-skorzany-pionier-low-s3s\/"},"modified":"2025-10-10T09:09:31","modified_gmt":"2025-10-10T07:09:31","slug":"40-11","status":"publish","type":"product","link":"https:\/\/asbhp.pl\/?product=40-11","title":{"rendered":"40"},"content":{"rendered":"<ul>\n<li>Sk\u00f3ra naturalna nubukowa<\/li>\n<li>Podnosek Kompozytowy<\/li>\n<li>Wk\u0142adka kevlarowa<\/li>\n<li>Podeszwa PU\/TPU &#8211; Dwustopniowy wtrysk poliuretanu i poliuretanu termoplastycznego<\/li>\n<li>Podeszwa antypo\u015blizgowa SR\/SRC<\/li>\n<li>Podeszwa olejoodporna<\/li>\n<li>Podeszwa antyelektrostatyczna<\/li>\n<li>Zabudowana pi\u0119ta<\/li>\n<li>System Anti- shock<\/li>\n<li>Podwy\u017cszona wodoodporno\u015b\u0107<\/li>\n<li>Wbudowana zapi\u0119tka sk\u00f3rzana<\/li>\n<li>Okr\u0105g\u0142e wzmacniane poliestrowe sznurowad\u0142a<\/li>\n<li>Metal Free<\/li>\n<li>Element odblaskowy<\/li>\n<li>Wyprofilowane wn\u0119trze buta<\/li>\n<li>Wymienna wk\u0142adka piankowa<\/li>\n<li>Zalewany Nosek gum\u0105 TPR<\/li>\n<\/ul>\n","protected":false},"excerpt":{"rendered":"<p>Sk\u00f3ra naturalna nubukowa Podnosek Kompozytowy Wk\u0142adka kevlarowa Podeszwa PU\/TPU &#8211; Dwustopniowy wtrysk poliuretanu i poliuretanu termoplastycznego Podeszwa antypo\u015blizgowa SR\/SRC Podeszwa olejoodporna Podeszwa antyelektrostatyczna Zabudowana pi\u0119ta System Anti- shock Podwy\u017cszona wodoodporno\u015b\u0107 Wbudowana zapi\u0119tka sk\u00f3rzana Okr\u0105g\u0142e wzmacniane poliestrowe sznurowad\u0142a Metal Free Element odblaskowy Wyprofilowane wn\u0119trze buta Wymienna wk\u0142adka piankowa Zalewany Nosek gum\u0105 TPR<\/p>\n","protected":false},"featured_media":22102,"comment_status":"closed","ping_status":"open","template":"","meta":[],"product_brand":[483],"product_cat":[21,46,792],"product_tag":[],"class_list":{"0":"post-18165","1":"product","2":"type-product","3":"status-publish","4":"has-post-thumbnail","6":"product_brand-stalco-perfect","7":"product_cat-obuwie-robocze","8":"product_cat-polbuty","9":"product_cat-polbuty-robocze","10":"pa_producent-stalco-perfect","11":"pa_rozmiar-206","12":"pa_rozmiar-207","13":"pa_rozmiar-208","14":"pa_rozmiar-209","15":"pa_rozmiar-161","16":"pa_rozmiar-210","17":"pa_rozmiar-162","18":"pa_rozmiar-211","19":"pa_rozmiar-164","20":"pa_waga-1-35","21":"pa_waga-1-38","22":"pa_waga-1-46","23":"pa_waga-1-54","24":"pa_waga-1-55","25":"pa_waga-1-6","26":"pa_waga-1-63","27":"pa_waga-1-73","28":"pa_waga-1-8","30":"first","31":"instock","32":"shipping-taxable","33":"purchasable","34":"product-type-variable","35":"has-default-attributes"},"_links":{"self":[{"href":"https:\/\/asbhp.pl\/index.php?rest_route=\/wp\/v2\/product\/18165","targetHints":{"allow":["GET"]}}],"collection":[{"href":"https:\/\/asbhp.pl\/index.php?rest_route=\/wp\/v2\/product"}],"about":[{"href":"https:\/\/asbhp.pl\/index.php?rest_route=\/wp\/v2\/types\/product"}],"replies":[{"embeddable":true,"href":"https:\/\/asbhp.pl\/index.php?rest_route=%2Fwp%2Fv2%2Fcomments&post=18165"}],"wp:featuredmedia":[{"embeddable":true,"href":"https:\/\/asbhp.pl\/index.php?rest_route=\/wp\/v2\/media\/22102"}],"wp:attachment":[{"href":"https:\/\/asbhp.pl\/index.php?rest_route=%2Fwp%2Fv2%2Fmedia&parent=18165"}],"wp:term":[{"taxonomy":"product_brand","embeddable":true,"href":"https:\/\/asbhp.pl\/index.php?rest_route=%2Fwp%2Fv2%2Fproduct_brand&post=18165"},{"taxonomy":"product_cat","embeddable":true,"href":"https:\/\/asbhp.pl\/index.php?rest_route=%2Fwp%2Fv2%2Fproduct_cat&post=18165"},{"taxonomy":"product_tag","embeddable":true,"href":"https:\/\/asbhp.pl\/index.php?rest_route=%2Fwp%2Fv2%2Fproduct_tag&post=18165"}],"curies":[{"name":"wp","href":"https:\/\/api.w.org\/{rel}","templated":true}]}}