{"id":18202,"date":"2025-10-10T09:09:31","date_gmt":"2025-10-10T07:09:31","guid":{"rendered":"https:\/\/asbhp.pl\/produkt\/trzewik-skorzany-thuro-high-s1\/"},"modified":"2025-10-10T09:10:54","modified_gmt":"2025-10-10T07:10:54","slug":"40-15","status":"publish","type":"product","link":"https:\/\/asbhp.pl\/?product=40-15","title":{"rendered":"40"},"content":{"rendered":"<ul>\n<li>Sk\u00f3ra naturalna, dwoina bydl\u0119ca t\u0142oczona\n<li>Podnosek Metalowy\n<li>Podeszwa PU\/PU &#8211; Dwustopniowy wtrysk poliuretanu\n<li>Podeszwa antypo\u015blizgowa SR\/SRC\n<li>Podeszwa olejoodporna\n<li>Podeszwa antyelektrostatyczna\n<li>Zabudowana pi\u0119ta\n<li>System Anti- shock\n<li>Wbudowana zapi\u0119tka sk\u00f3rzana\n<li>Element odblaskowy\n<li>Nitowane szlufki\n<li>Zalewany Nosek PU<\/ul>\n","protected":false},"excerpt":{"rendered":"<p>Sk\u00f3ra naturalna, dwoina bydl\u0119ca t\u0142oczona Podnosek Metalowy Podeszwa PU\/PU &#8211; Dwustopniowy wtrysk poliuretanu Podeszwa antypo\u015blizgowa SR\/SRC Podeszwa olejoodporna Podeszwa antyelektrostatyczna Zabudowana pi\u0119ta System Anti- shock Wbudowana zapi\u0119tka sk\u00f3rzana Element odblaskowy Nitowane szlufki Zalewany Nosek PU<\/p>\n","protected":false},"featured_media":22296,"comment_status":"closed","ping_status":"open","template":"","meta":[],"product_brand":[416],"product_cat":[21,840],"product_tag":[],"class_list":{"0":"post-18202","1":"product","2":"type-product","3":"status-publish","4":"has-post-thumbnail","6":"product_brand-stalco","7":"product_cat-obuwie-robocze","8":"product_cat-trzewiki","9":"pa_producent-stalco","10":"pa_rozmiar-206","11":"pa_rozmiar-207","12":"pa_rozmiar-208","13":"pa_rozmiar-209","14":"pa_rozmiar-161","15":"pa_rozmiar-210","16":"pa_rozmiar-162","17":"pa_rozmiar-211","18":"pa_rozmiar-164","19":"pa_waga-1-218","20":"pa_waga-1-26","21":"pa_waga-1-296","22":"pa_waga-1-34","23":"pa_waga-1-37","24":"pa_waga-1-418","25":"pa_waga-1-52","26":"pa_waga-1-55","28":"first","29":"instock","30":"shipping-taxable","31":"purchasable","32":"product-type-variable","33":"has-default-attributes"},"_links":{"self":[{"href":"https:\/\/asbhp.pl\/index.php?rest_route=\/wp\/v2\/product\/18202","targetHints":{"allow":["GET"]}}],"collection":[{"href":"https:\/\/asbhp.pl\/index.php?rest_route=\/wp\/v2\/product"}],"about":[{"href":"https:\/\/asbhp.pl\/index.php?rest_route=\/wp\/v2\/types\/product"}],"replies":[{"embeddable":true,"href":"https:\/\/asbhp.pl\/index.php?rest_route=%2Fwp%2Fv2%2Fcomments&post=18202"}],"wp:featuredmedia":[{"embeddable":true,"href":"https:\/\/asbhp.pl\/index.php?rest_route=\/wp\/v2\/media\/22296"}],"wp:attachment":[{"href":"https:\/\/asbhp.pl\/index.php?rest_route=%2Fwp%2Fv2%2Fmedia&parent=18202"}],"wp:term":[{"taxonomy":"product_brand","embeddable":true,"href":"https:\/\/asbhp.pl\/index.php?rest_route=%2Fwp%2Fv2%2Fproduct_brand&post=18202"},{"taxonomy":"product_cat","embeddable":true,"href":"https:\/\/asbhp.pl\/index.php?rest_route=%2Fwp%2Fv2%2Fproduct_cat&post=18202"},{"taxonomy":"product_tag","embeddable":true,"href":"https:\/\/asbhp.pl\/index.php?rest_route=%2Fwp%2Fv2%2Fproduct_tag&post=18202"}],"curies":[{"name":"wp","href":"https:\/\/api.w.org\/{rel}","templated":true}]}}