{"id":18261,"date":"2025-10-10T09:10:01","date_gmt":"2025-10-10T07:10:01","guid":{"rendered":"https:\/\/asbhp.pl\/produkt\/trzewik-skorzany-helios-high-s3\/"},"modified":"2025-10-10T09:10:54","modified_gmt":"2025-10-10T07:10:54","slug":"38-2","status":"publish","type":"product","link":"https:\/\/asbhp.pl\/?product=38-2","title":{"rendered":"38"},"content":{"rendered":"<ul>\n<li>Sk\u00f3ra naturalna nubukowa<\/li>\n<li>Podnosek Kompozytowy<\/li>\n<li>Wk\u0142adka kevlarowa<\/li>\n<li>Podeszwa PU\/TPU &#8211; Dwustopniowy wtrysk poliuretanu i poliuretanu termoplastycznego<\/li>\n<li>Podeszwa antypo\u015blizgowa SR\/SRC<\/li>\n<li>Podeszwa olejoodporna<\/li>\n<li>Podeszwa antyelektrostatyczna<\/li>\n<li>Zabudowana pi\u0119ta<\/li>\n<li>System Anti- shock<\/li>\n<li>Podwy\u017cszona wodoodporno\u015b\u0107<\/li>\n<li>Wbudowana zapi\u0119tka sk\u00f3rzana<\/li>\n<li>Okr\u0105g\u0142e wzmacniane poliestrowe sznurowad\u0142a<\/li>\n<li>Metal Free<\/li>\n<li>Element odblaskowy<\/li>\n<li>Zalewany Nosek PU<\/li>\n<\/ul>\n","protected":false},"excerpt":{"rendered":"<p>Sk\u00f3ra naturalna nubukowa Podnosek Kompozytowy Wk\u0142adka kevlarowa Podeszwa PU\/TPU &#8211; Dwustopniowy wtrysk poliuretanu i poliuretanu termoplastycznego Podeszwa antypo\u015blizgowa SR\/SRC Podeszwa olejoodporna Podeszwa antyelektrostatyczna Zabudowana pi\u0119ta System Anti- shock Podwy\u017cszona wodoodporno\u015b\u0107 Wbudowana zapi\u0119tka sk\u00f3rzana Okr\u0105g\u0142e wzmacniane poliestrowe sznurowad\u0142a Metal Free Element odblaskowy Zalewany Nosek PU<\/p>\n","protected":false},"featured_media":22520,"comment_status":"closed","ping_status":"open","template":"","meta":[],"product_brand":[483],"product_cat":[21,840],"product_tag":[],"class_list":{"0":"post-18261","1":"product","2":"type-product","3":"status-publish","4":"has-post-thumbnail","6":"product_brand-stalco-perfect","7":"product_cat-obuwie-robocze","8":"product_cat-trzewiki","9":"pa_producent-stalco-perfect","10":"pa_rozmiar-204","11":"pa_rozmiar-205","12":"pa_rozmiar-206","13":"pa_rozmiar-207","14":"pa_rozmiar-208","15":"pa_rozmiar-209","16":"pa_rozmiar-161","17":"pa_rozmiar-210","18":"pa_rozmiar-162","19":"pa_rozmiar-211","20":"pa_waga-1-56","21":"pa_waga-1-66","22":"pa_waga-1-68","23":"pa_waga-1-72","24":"pa_waga-1-8","25":"pa_waga-1-81","26":"pa_waga-1-85","27":"pa_waga-1-9","29":"first","30":"instock","31":"shipping-taxable","32":"purchasable","33":"product-type-variable","34":"has-default-attributes"},"_links":{"self":[{"href":"https:\/\/asbhp.pl\/index.php?rest_route=\/wp\/v2\/product\/18261","targetHints":{"allow":["GET"]}}],"collection":[{"href":"https:\/\/asbhp.pl\/index.php?rest_route=\/wp\/v2\/product"}],"about":[{"href":"https:\/\/asbhp.pl\/index.php?rest_route=\/wp\/v2\/types\/product"}],"replies":[{"embeddable":true,"href":"https:\/\/asbhp.pl\/index.php?rest_route=%2Fwp%2Fv2%2Fcomments&post=18261"}],"wp:featuredmedia":[{"embeddable":true,"href":"https:\/\/asbhp.pl\/index.php?rest_route=\/wp\/v2\/media\/22520"}],"wp:attachment":[{"href":"https:\/\/asbhp.pl\/index.php?rest_route=%2Fwp%2Fv2%2Fmedia&parent=18261"}],"wp:term":[{"taxonomy":"product_brand","embeddable":true,"href":"https:\/\/asbhp.pl\/index.php?rest_route=%2Fwp%2Fv2%2Fproduct_brand&post=18261"},{"taxonomy":"product_cat","embeddable":true,"href":"https:\/\/asbhp.pl\/index.php?rest_route=%2Fwp%2Fv2%2Fproduct_cat&post=18261"},{"taxonomy":"product_tag","embeddable":true,"href":"https:\/\/asbhp.pl\/index.php?rest_route=%2Fwp%2Fv2%2Fproduct_tag&post=18261"}],"curies":[{"name":"wp","href":"https:\/\/api.w.org\/{rel}","templated":true}]}}