{"id":18332,"date":"2025-10-10T09:10:55","date_gmt":"2025-10-10T07:10:55","guid":{"rendered":"https:\/\/asbhp.pl\/produkt\/trzewik-skorzany-hulk-s3\/"},"modified":"2025-10-10T09:11:39","modified_gmt":"2025-10-10T07:11:39","slug":"40-20","status":"publish","type":"product","link":"https:\/\/asbhp.pl\/?product=40-20","title":{"rendered":"40"},"content":{"rendered":"<ul>\n<li>Sk\u00f3ra naturalna licowa, woskowana<\/li>\n<li>Podnosek Kompozytowy<\/li>\n<li>Wk\u0142adka kevlarowa<\/li>\n<li>Podeszwa antypo\u015blizgowa SR\/SRC<\/li>\n<li>Podeszwa olejoodporna<\/li>\n<li>Podeszwa antyelektrostatyczna<\/li>\n<li>System Anti- shock<\/li>\n<li>Podwy\u017cszona wodoodporno\u015b\u0107<\/li>\n<li>Wbudowana zapi\u0119tka sk\u00f3rzana<\/li>\n<li>Okr\u0105g\u0142e wzmacniane poliestrowe sznurowad\u0142a<\/li>\n<li>Metal Free<\/li>\n<li>Element odblaskowy<\/li>\n<li>Wzmocniony kostkowy protektor<\/li>\n<li>Zalewany Nosek gum\u0105 TPR<\/li>\n<li>Dodatkowe uwypuklenia sk\u00f3rzane<\/li>\n<\/ul>\n","protected":false},"excerpt":{"rendered":"<p>Sk\u00f3ra naturalna licowa, woskowana Podnosek Kompozytowy Wk\u0142adka kevlarowa Podeszwa antypo\u015blizgowa SR\/SRC Podeszwa olejoodporna Podeszwa antyelektrostatyczna System Anti- shock Podwy\u017cszona wodoodporno\u015b\u0107 Wbudowana zapi\u0119tka sk\u00f3rzana Okr\u0105g\u0142e wzmacniane poliestrowe sznurowad\u0142a Metal Free Element odblaskowy Wzmocniony kostkowy protektor Zalewany Nosek gum\u0105 TPR Dodatkowe uwypuklenia sk\u00f3rzane<\/p>\n","protected":false},"featured_media":22747,"comment_status":"closed","ping_status":"open","template":"","meta":[],"product_brand":[483],"product_cat":[21,840],"product_tag":[],"class_list":{"0":"post-18332","1":"product","2":"type-product","3":"status-publish","4":"has-post-thumbnail","6":"product_brand-stalco-perfect","7":"product_cat-obuwie-robocze","8":"product_cat-trzewiki","9":"pa_producent-stalco-perfect","10":"pa_rozmiar-206","11":"pa_rozmiar-207","12":"pa_rozmiar-208","13":"pa_rozmiar-209","14":"pa_rozmiar-161","15":"pa_rozmiar-210","16":"pa_rozmiar-162","17":"pa_waga-1-835","18":"pa_waga-1-94","19":"pa_waga-1-99","20":"pa_waga-870","21":"pa_waga-2-03","22":"pa_waga-2-1","23":"pa_waga-2-2","25":"first","26":"instock","27":"shipping-taxable","28":"purchasable","29":"product-type-variable","30":"has-default-attributes"},"_links":{"self":[{"href":"https:\/\/asbhp.pl\/index.php?rest_route=\/wp\/v2\/product\/18332","targetHints":{"allow":["GET"]}}],"collection":[{"href":"https:\/\/asbhp.pl\/index.php?rest_route=\/wp\/v2\/product"}],"about":[{"href":"https:\/\/asbhp.pl\/index.php?rest_route=\/wp\/v2\/types\/product"}],"replies":[{"embeddable":true,"href":"https:\/\/asbhp.pl\/index.php?rest_route=%2Fwp%2Fv2%2Fcomments&post=18332"}],"wp:featuredmedia":[{"embeddable":true,"href":"https:\/\/asbhp.pl\/index.php?rest_route=\/wp\/v2\/media\/22747"}],"wp:attachment":[{"href":"https:\/\/asbhp.pl\/index.php?rest_route=%2Fwp%2Fv2%2Fmedia&parent=18332"}],"wp:term":[{"taxonomy":"product_brand","embeddable":true,"href":"https:\/\/asbhp.pl\/index.php?rest_route=%2Fwp%2Fv2%2Fproduct_brand&post=18332"},{"taxonomy":"product_cat","embeddable":true,"href":"https:\/\/asbhp.pl\/index.php?rest_route=%2Fwp%2Fv2%2Fproduct_cat&post=18332"},{"taxonomy":"product_tag","embeddable":true,"href":"https:\/\/asbhp.pl\/index.php?rest_route=%2Fwp%2Fv2%2Fproduct_tag&post=18332"}],"curies":[{"name":"wp","href":"https:\/\/api.w.org\/{rel}","templated":true}]}}