{"id":18382,"date":"2025-10-10T09:10:55","date_gmt":"2025-10-10T07:10:55","guid":{"rendered":"https:\/\/asbhp.pl\/produkt\/trzewik-skorzany-pionier-high-s3s\/"},"modified":"2025-10-10T09:11:39","modified_gmt":"2025-10-10T07:11:39","slug":"40-22","status":"publish","type":"product","link":"https:\/\/asbhp.pl\/?product=40-22","title":{"rendered":"40"},"content":{"rendered":"<ul>\n<li>Sk\u00f3ra naturalna nubukowa<\/li>\n<li>Podnosek Kompozytowy<\/li>\n<li>Wk\u0142adka kevlarowa<\/li>\n<li>Podeszwa PU\/PU &#8211; Dwustopniowy wtrysk poliuretanu<\/li>\n<li>Podeszwa antypo\u015blizgowa SR\/SRC<\/li>\n<li>Podeszwa olejoodporna<\/li>\n<li>Podeszwa antyelektrostatyczna<\/li>\n<li>Zabudowana pi\u0119ta<\/li>\n<li>System Anti- shock<\/li>\n<li>Podwy\u017cszona wodoodporno\u015b\u0107<\/li>\n<li>Wbudowana zapi\u0119tka sk\u00f3rzana<\/li>\n<li>Okr\u0105g\u0142e wzmacniane poliestrowe sznurowad\u0142a<\/li>\n<li>Metal Free<\/li>\n<li>Element odblaskowy<\/li>\n<li>Wyprofilowane wn\u0119trze buta<\/li>\n<li>Wymienna wk\u0142adka piankowa<\/li>\n<li>Zalewany Nosek gum\u0105 TPR<\/li>\n<\/ul>\n","protected":false},"excerpt":{"rendered":"<p>Sk\u00f3ra naturalna nubukowa Podnosek Kompozytowy Wk\u0142adka kevlarowa Podeszwa PU\/PU &#8211; Dwustopniowy wtrysk poliuretanu Podeszwa antypo\u015blizgowa SR\/SRC Podeszwa olejoodporna Podeszwa antyelektrostatyczna Zabudowana pi\u0119ta System Anti- shock Podwy\u017cszona wodoodporno\u015b\u0107 Wbudowana zapi\u0119tka sk\u00f3rzana Okr\u0105g\u0142e wzmacniane poliestrowe sznurowad\u0142a Metal Free Element odblaskowy Wyprofilowane wn\u0119trze buta Wymienna wk\u0142adka piankowa Zalewany Nosek gum\u0105 TPR<\/p>\n","protected":false},"featured_media":22878,"comment_status":"closed","ping_status":"open","template":"","meta":[],"product_brand":[483],"product_cat":[21,840],"product_tag":[],"class_list":{"0":"post-18382","1":"product","2":"type-product","3":"status-publish","4":"has-post-thumbnail","6":"product_brand-stalco-perfect","7":"product_cat-obuwie-robocze","8":"product_cat-trzewiki","9":"pa_producent-stalco-perfect","10":"pa_rozmiar-206","11":"pa_rozmiar-207","12":"pa_rozmiar-208","13":"pa_rozmiar-209","14":"pa_rozmiar-161","15":"pa_rozmiar-210","16":"pa_rozmiar-162","17":"pa_rozmiar-211","18":"pa_rozmiar-164","19":"pa_waga-1-4","20":"pa_waga-1-45","21":"pa_waga-1-5","22":"pa_waga-1-64","23":"pa_waga-1-68","24":"pa_waga-1-73","25":"pa_waga-1-8","26":"pa_waga-1-9","28":"first","29":"instock","30":"shipping-taxable","31":"purchasable","32":"product-type-variable","33":"has-default-attributes"},"_links":{"self":[{"href":"https:\/\/asbhp.pl\/index.php?rest_route=\/wp\/v2\/product\/18382","targetHints":{"allow":["GET"]}}],"collection":[{"href":"https:\/\/asbhp.pl\/index.php?rest_route=\/wp\/v2\/product"}],"about":[{"href":"https:\/\/asbhp.pl\/index.php?rest_route=\/wp\/v2\/types\/product"}],"replies":[{"embeddable":true,"href":"https:\/\/asbhp.pl\/index.php?rest_route=%2Fwp%2Fv2%2Fcomments&post=18382"}],"wp:featuredmedia":[{"embeddable":true,"href":"https:\/\/asbhp.pl\/index.php?rest_route=\/wp\/v2\/media\/22878"}],"wp:attachment":[{"href":"https:\/\/asbhp.pl\/index.php?rest_route=%2Fwp%2Fv2%2Fmedia&parent=18382"}],"wp:term":[{"taxonomy":"product_brand","embeddable":true,"href":"https:\/\/asbhp.pl\/index.php?rest_route=%2Fwp%2Fv2%2Fproduct_brand&post=18382"},{"taxonomy":"product_cat","embeddable":true,"href":"https:\/\/asbhp.pl\/index.php?rest_route=%2Fwp%2Fv2%2Fproduct_cat&post=18382"},{"taxonomy":"product_tag","embeddable":true,"href":"https:\/\/asbhp.pl\/index.php?rest_route=%2Fwp%2Fv2%2Fproduct_tag&post=18382"}],"curies":[{"name":"wp","href":"https:\/\/api.w.org\/{rel}","templated":true}]}}