{"id":18456,"date":"2025-10-10T09:11:39","date_gmt":"2025-10-10T07:11:39","guid":{"rendered":"https:\/\/asbhp.pl\/produkt\/trzewik-skorzany-ocieplany-syberian-s3\/"},"modified":"2025-10-10T09:12:21","modified_gmt":"2025-10-10T07:12:21","slug":"40-26","status":"publish","type":"product","link":"https:\/\/asbhp.pl\/?product=40-26","title":{"rendered":"40"},"content":{"rendered":"<ul>\n<li>Sk\u00f3ra naturalna, dwoina bydl\u0119ca t\u0142oczona<\/li>\n<li>Podnosek Kompozytowy<\/li>\n<li>Wk\u0142adka kevlarowa<\/li>\n<li>Podeszwa PU\/PU &#8211; Dwustopniowy wtrysk poliuretanu<\/li>\n<li>Podeszwa antypo\u015blizgowa SR\/SRC<\/li>\n<li>Podeszwa olejoodporna<\/li>\n<li>Podeszwa antyelektrostatyczna<\/li>\n<li>Zabudowana pi\u0119ta<\/li>\n<li>System Anti- shock<\/li>\n<li>Podwy\u017cszona wodoodporno\u015b\u0107<\/li>\n<li>Wbudowana zapi\u0119tka sk\u00f3rzana<\/li>\n<li>Metal Free<\/li>\n<li>Element odblaskowy<\/li>\n<li>Nitowane szlufki<\/li>\n<li>Zalewany Nosek PU<\/li>\n<li>Ocieplina<\/li>\n<\/ul>\n","protected":false},"excerpt":{"rendered":"<p>Sk\u00f3ra naturalna, dwoina bydl\u0119ca t\u0142oczona Podnosek Kompozytowy Wk\u0142adka kevlarowa Podeszwa PU\/PU &#8211; Dwustopniowy wtrysk poliuretanu Podeszwa antypo\u015blizgowa SR\/SRC Podeszwa olejoodporna Podeszwa antyelektrostatyczna Zabudowana pi\u0119ta System Anti- shock Podwy\u017cszona wodoodporno\u015b\u0107 Wbudowana zapi\u0119tka sk\u00f3rzana Metal Free Element odblaskowy Nitowane szlufki Zalewany Nosek PU Ocieplina<\/p>\n","protected":false},"featured_media":23020,"comment_status":"closed","ping_status":"open","template":"","meta":[],"product_brand":[416],"product_cat":[21,840,880],"product_tag":[],"class_list":{"0":"post-18456","1":"product","2":"type-product","3":"status-publish","4":"has-post-thumbnail","6":"product_brand-stalco","7":"product_cat-obuwie-robocze","8":"product_cat-trzewiki","9":"product_cat-trzewiki-zimowe","10":"pa_producent-stalco","11":"pa_rozmiar-206","12":"pa_rozmiar-207","13":"pa_rozmiar-208","14":"pa_rozmiar-209","15":"pa_rozmiar-161","16":"pa_rozmiar-210","17":"pa_rozmiar-162","18":"pa_rozmiar-211","19":"pa_rozmiar-164","20":"pa_waga-1-51","21":"pa_waga-1-54","22":"pa_waga-1-65","23":"pa_waga-1-7","24":"pa_waga-1-73","25":"pa_waga-1-75","26":"pa_waga-1-8","27":"pa_waga-1-9","29":"first","30":"instock","31":"shipping-taxable","32":"purchasable","33":"product-type-variable","34":"has-default-attributes"},"_links":{"self":[{"href":"https:\/\/asbhp.pl\/index.php?rest_route=\/wp\/v2\/product\/18456","targetHints":{"allow":["GET"]}}],"collection":[{"href":"https:\/\/asbhp.pl\/index.php?rest_route=\/wp\/v2\/product"}],"about":[{"href":"https:\/\/asbhp.pl\/index.php?rest_route=\/wp\/v2\/types\/product"}],"replies":[{"embeddable":true,"href":"https:\/\/asbhp.pl\/index.php?rest_route=%2Fwp%2Fv2%2Fcomments&post=18456"}],"wp:featuredmedia":[{"embeddable":true,"href":"https:\/\/asbhp.pl\/index.php?rest_route=\/wp\/v2\/media\/23020"}],"wp:attachment":[{"href":"https:\/\/asbhp.pl\/index.php?rest_route=%2Fwp%2Fv2%2Fmedia&parent=18456"}],"wp:term":[{"taxonomy":"product_brand","embeddable":true,"href":"https:\/\/asbhp.pl\/index.php?rest_route=%2Fwp%2Fv2%2Fproduct_brand&post=18456"},{"taxonomy":"product_cat","embeddable":true,"href":"https:\/\/asbhp.pl\/index.php?rest_route=%2Fwp%2Fv2%2Fproduct_cat&post=18456"},{"taxonomy":"product_tag","embeddable":true,"href":"https:\/\/asbhp.pl\/index.php?rest_route=%2Fwp%2Fv2%2Fproduct_tag&post=18456"}],"curies":[{"name":"wp","href":"https:\/\/api.w.org\/{rel}","templated":true}]}}