{"id":18487,"date":"2025-10-10T09:11:39","date_gmt":"2025-10-10T07:11:39","guid":{"rendered":"https:\/\/asbhp.pl\/produkt\/sandal-skorzany-service-sandal-s1\/"},"modified":"2025-10-11T22:02:02","modified_gmt":"2025-10-11T20:02:02","slug":"36-4","status":"publish","type":"product","link":"https:\/\/asbhp.pl\/?product=36-4","title":{"rendered":"36"},"content":{"rendered":"<ul>\n<li>Sk\u00f3ra naturalna zamszowa<\/li>\n<li>Cholewka materia\u0142owa Mesh<\/li>\n<li>Podnosek Metalowy<\/li>\n<li>Wk\u0142adka metalowa<\/li>\n<li>Podeszwa PU\/PU &#8211; Dwustopniowy wtrysk poliuretanu<\/li>\n<li>Podeszwa antypo\u015blizgowa SR\/SRC<\/li>\n<li>Podeszwa olejoodporna<\/li>\n<li>Podeszwa antyelektrostatyczna<\/li>\n<li>System Anti- shock<\/li>\n<li>Wbudowana zapi\u0119tka sk\u00f3rzana<\/li>\n<li>Element odblaskowy<\/li>\n<\/ul>\n","protected":false},"excerpt":{"rendered":"<p>Sk\u00f3ra naturalna zamszowa Cholewka materia\u0142owa Mesh Podnosek Metalowy Wk\u0142adka metalowa Podeszwa PU\/PU &#8211; Dwustopniowy wtrysk poliuretanu Podeszwa antypo\u015blizgowa SR\/SRC Podeszwa olejoodporna Podeszwa antyelektrostatyczna System Anti- shock Wbudowana zapi\u0119tka sk\u00f3rzana Element odblaskowy<\/p>\n","protected":false},"featured_media":23230,"comment_status":"closed","ping_status":"open","template":"","meta":[],"product_brand":[416],"product_cat":[21,884],"product_tag":[],"class_list":{"0":"post-18487","1":"product","2":"type-product","3":"status-publish","4":"has-post-thumbnail","6":"product_brand-stalco","7":"product_cat-obuwie-robocze","8":"product_cat-sandaly-robocze","9":"pa_producent-stalco","10":"pa_rozmiar-202","11":"pa_rozmiar-203","12":"pa_rozmiar-204","13":"pa_rozmiar-205","14":"pa_rozmiar-206","15":"pa_rozmiar-207","16":"pa_rozmiar-208","17":"pa_rozmiar-209","18":"pa_rozmiar-161","19":"pa_rozmiar-210","20":"pa_rozmiar-162","21":"pa_rozmiar-211","22":"pa_rozmiar-164","23":"pa_waga-1-6","25":"first","26":"instock","27":"shipping-taxable","28":"purchasable","29":"product-type-variable","30":"has-default-attributes"},"_links":{"self":[{"href":"https:\/\/asbhp.pl\/index.php?rest_route=\/wp\/v2\/product\/18487","targetHints":{"allow":["GET"]}}],"collection":[{"href":"https:\/\/asbhp.pl\/index.php?rest_route=\/wp\/v2\/product"}],"about":[{"href":"https:\/\/asbhp.pl\/index.php?rest_route=\/wp\/v2\/types\/product"}],"replies":[{"embeddable":true,"href":"https:\/\/asbhp.pl\/index.php?rest_route=%2Fwp%2Fv2%2Fcomments&post=18487"}],"wp:featuredmedia":[{"embeddable":true,"href":"https:\/\/asbhp.pl\/index.php?rest_route=\/wp\/v2\/media\/23230"}],"wp:attachment":[{"href":"https:\/\/asbhp.pl\/index.php?rest_route=%2Fwp%2Fv2%2Fmedia&parent=18487"}],"wp:term":[{"taxonomy":"product_brand","embeddable":true,"href":"https:\/\/asbhp.pl\/index.php?rest_route=%2Fwp%2Fv2%2Fproduct_brand&post=18487"},{"taxonomy":"product_cat","embeddable":true,"href":"https:\/\/asbhp.pl\/index.php?rest_route=%2Fwp%2Fv2%2Fproduct_cat&post=18487"},{"taxonomy":"product_tag","embeddable":true,"href":"https:\/\/asbhp.pl\/index.php?rest_route=%2Fwp%2Fv2%2Fproduct_tag&post=18487"}],"curies":[{"name":"wp","href":"https:\/\/api.w.org\/{rel}","templated":true}]}}