{"id":18659,"date":"2025-10-10T09:12:57","date_gmt":"2025-10-10T07:12:57","guid":{"rendered":"https:\/\/asbhp.pl\/produkt\/sandal-skorzany-billy-s1\/"},"modified":"2025-10-11T22:02:02","modified_gmt":"2025-10-11T20:02:02","slug":"36-8","status":"publish","type":"product","link":"https:\/\/asbhp.pl\/?product=36-8","title":{"rendered":"36"},"content":{"rendered":"<ul>\n<li>dwoina bydl\u0119ca<\/li>\n<li>otwory wentylacyjne<\/li>\n<li>system anti-shock<\/li>\n<li>w\u0142a\u015bciwo\u015bci: antystatyczne, antypo\u015blizgowe, olejoodporne<\/li>\n<\/ul>\n","protected":false},"excerpt":{"rendered":"<p>dwoina bydl\u0119ca otwory wentylacyjne system anti-shock w\u0142a\u015bciwo\u015bci: antystatyczne, antypo\u015blizgowe, olejoodporne<\/p>\n","protected":false},"featured_media":23478,"comment_status":"closed","ping_status":"open","template":"","meta":[],"product_brand":[416],"product_cat":[21,884],"product_tag":[],"class_list":{"0":"post-18659","1":"product","2":"type-product","3":"status-publish","4":"has-post-thumbnail","6":"product_brand-stalco","7":"product_cat-obuwie-robocze","8":"product_cat-sandaly-robocze","9":"pa_producent-stalco","10":"pa_rozmiar-202","11":"pa_rozmiar-203","12":"pa_rozmiar-204","13":"pa_rozmiar-205","14":"pa_rozmiar-206","15":"pa_rozmiar-207","16":"pa_rozmiar-208","17":"pa_rozmiar-209","18":"pa_rozmiar-161","19":"pa_rozmiar-210","20":"pa_rozmiar-162","21":"pa_waga-1-015","22":"pa_waga-1-029","23":"pa_waga-1-068","24":"pa_waga-1-105","25":"pa_waga-1-195","26":"pa_waga-1-23","27":"pa_waga-1-33","28":"pa_waga-1-44","29":"pa_waga-1-46","30":"pa_waga-1-51","31":"pa_waga-1-56","33":"first","34":"instock","35":"shipping-taxable","36":"purchasable","37":"product-type-variable","38":"has-default-attributes"},"_links":{"self":[{"href":"https:\/\/asbhp.pl\/index.php?rest_route=\/wp\/v2\/product\/18659","targetHints":{"allow":["GET"]}}],"collection":[{"href":"https:\/\/asbhp.pl\/index.php?rest_route=\/wp\/v2\/product"}],"about":[{"href":"https:\/\/asbhp.pl\/index.php?rest_route=\/wp\/v2\/types\/product"}],"replies":[{"embeddable":true,"href":"https:\/\/asbhp.pl\/index.php?rest_route=%2Fwp%2Fv2%2Fcomments&post=18659"}],"wp:featuredmedia":[{"embeddable":true,"href":"https:\/\/asbhp.pl\/index.php?rest_route=\/wp\/v2\/media\/23478"}],"wp:attachment":[{"href":"https:\/\/asbhp.pl\/index.php?rest_route=%2Fwp%2Fv2%2Fmedia&parent=18659"}],"wp:term":[{"taxonomy":"product_brand","embeddable":true,"href":"https:\/\/asbhp.pl\/index.php?rest_route=%2Fwp%2Fv2%2Fproduct_brand&post=18659"},{"taxonomy":"product_cat","embeddable":true,"href":"https:\/\/asbhp.pl\/index.php?rest_route=%2Fwp%2Fv2%2Fproduct_cat&post=18659"},{"taxonomy":"product_tag","embeddable":true,"href":"https:\/\/asbhp.pl\/index.php?rest_route=%2Fwp%2Fv2%2Fproduct_tag&post=18659"}],"curies":[{"name":"wp","href":"https:\/\/api.w.org\/{rel}","templated":true}]}}