{"id":18679,"date":"2025-10-10T09:12:57","date_gmt":"2025-10-10T07:12:57","guid":{"rendered":"https:\/\/asbhp.pl\/produkt\/kalosz-garden\/"},"modified":"2025-10-10T09:13:45","modified_gmt":"2025-10-10T07:13:45","slug":"36-9","status":"publish","type":"product","link":"https:\/\/asbhp.pl\/?product=36-9","title":{"rendered":"36"},"content":{"rendered":"<ul>\n<li>Garden<\/li>\n<li>super lekkie<\/li>\n<li>wodoodporne<\/li>\n<li>wykonane z tworzywa o podwy\u017cszonej elastyczno\u015bci, amortyzacji i odporno\u015bci na warunki zewn\u0119trzne<\/li>\n<li>wyci\u0105gany ocieplacz<\/li>\n<\/ul>\n","protected":false},"excerpt":{"rendered":"<p>Garden super lekkie wodoodporne wykonane z tworzywa o podwy\u017cszonej elastyczno\u015bci, amortyzacji i odporno\u015bci na warunki zewn\u0119trzne wyci\u0105gany ocieplacz<\/p>\n","protected":false},"featured_media":23580,"comment_status":"closed","ping_status":"open","template":"","meta":[],"product_brand":[416],"product_cat":[405,21],"product_tag":[],"class_list":{"0":"post-18679","1":"product","2":"type-product","3":"status-publish","4":"has-post-thumbnail","6":"product_brand-stalco","7":"product_cat-kalosze","8":"product_cat-obuwie-robocze","9":"pa_producent-stalco","10":"pa_rozmiar-202","11":"pa_rozmiar-203","12":"pa_rozmiar-204","13":"pa_rozmiar-205","14":"pa_rozmiar-206","15":"pa_rozmiar-207","16":"pa_rozmiar-208","17":"pa_rozmiar-209","18":"pa_rozmiar-161","19":"pa_rozmiar-210","20":"pa_rozmiar-162","21":"pa_rozmiar-211","22":"pa_rozmiar-164","23":"pa_waga-0-44","24":"pa_waga-0-455","25":"pa_waga-0-46","26":"pa_waga-0-495","27":"pa_waga-0-53","28":"pa_waga-0-64","29":"pa_waga-0-665","30":"pa_waga-0-67","31":"pa_waga-0-69","32":"pa_waga-0-745","33":"pa_waga-0-765","34":"pa_waga-0-77","35":"pa_waga-0-775","37":"first","38":"instock","39":"shipping-taxable","40":"purchasable","41":"product-type-variable","42":"has-default-attributes"},"_links":{"self":[{"href":"https:\/\/asbhp.pl\/index.php?rest_route=\/wp\/v2\/product\/18679","targetHints":{"allow":["GET"]}}],"collection":[{"href":"https:\/\/asbhp.pl\/index.php?rest_route=\/wp\/v2\/product"}],"about":[{"href":"https:\/\/asbhp.pl\/index.php?rest_route=\/wp\/v2\/types\/product"}],"replies":[{"embeddable":true,"href":"https:\/\/asbhp.pl\/index.php?rest_route=%2Fwp%2Fv2%2Fcomments&post=18679"}],"wp:featuredmedia":[{"embeddable":true,"href":"https:\/\/asbhp.pl\/index.php?rest_route=\/wp\/v2\/media\/23580"}],"wp:attachment":[{"href":"https:\/\/asbhp.pl\/index.php?rest_route=%2Fwp%2Fv2%2Fmedia&parent=18679"}],"wp:term":[{"taxonomy":"product_brand","embeddable":true,"href":"https:\/\/asbhp.pl\/index.php?rest_route=%2Fwp%2Fv2%2Fproduct_brand&post=18679"},{"taxonomy":"product_cat","embeddable":true,"href":"https:\/\/asbhp.pl\/index.php?rest_route=%2Fwp%2Fv2%2Fproduct_cat&post=18679"},{"taxonomy":"product_tag","embeddable":true,"href":"https:\/\/asbhp.pl\/index.php?rest_route=%2Fwp%2Fv2%2Fproduct_tag&post=18679"}],"curies":[{"name":"wp","href":"https:\/\/api.w.org\/{rel}","templated":true}]}}