{"id":18695,"date":"2025-10-10T09:12:21","date_gmt":"2025-10-10T07:12:21","guid":{"rendered":"https:\/\/asbhp.pl\/produkt\/chodak-crokks-w\/"},"modified":"2025-10-10T09:13:45","modified_gmt":"2025-10-10T07:13:45","slug":"37","status":"publish","type":"product","link":"https:\/\/asbhp.pl\/?product=37","title":{"rendered":"37"},"content":{"rendered":"<ul>\n<li>Pianka EVA\u00a0<\/li>\n<li>Super lekko\u015b\u0107<\/li>\n<li>Podeszwa z urze\u017abieniem<\/li>\n<\/ul>\n","protected":false},"excerpt":{"rendered":"<p>Pianka EVA\u00a0 Super lekko\u015b\u0107 Podeszwa z urze\u017abieniem<\/p>\n","protected":false},"featured_media":23406,"comment_status":"closed","ping_status":"open","template":"","meta":[],"product_brand":[483],"product_cat":[894,893,21],"product_tag":[],"class_list":{"0":"post-18695","1":"product","2":"type-product","3":"status-publish","4":"has-post-thumbnail","6":"product_brand-stalco-perfect","7":"product_cat-chodaki","8":"product_cat-klapki-i-chodaki","9":"product_cat-obuwie-robocze","10":"pa_producent-stalco-perfect","11":"pa_rozmiar-203","12":"pa_rozmiar-204","13":"pa_rozmiar-205","14":"pa_rozmiar-206","15":"pa_rozmiar-207","16":"pa_rozmiar-208","17":"pa_rozmiar-209","18":"pa_rozmiar-161","19":"pa_rozmiar-210","20":"pa_waga-0-3","21":"pa_waga-0-305","22":"pa_waga-0-33","23":"pa_waga-0-364","24":"pa_waga-0-365","25":"pa_waga-0-432","26":"pa_waga-0-49","27":"pa_waga-0-523","28":"pa_waga-0-555","30":"first","31":"instock","32":"shipping-taxable","33":"purchasable","34":"product-type-variable","35":"has-default-attributes"},"_links":{"self":[{"href":"https:\/\/asbhp.pl\/index.php?rest_route=\/wp\/v2\/product\/18695","targetHints":{"allow":["GET"]}}],"collection":[{"href":"https:\/\/asbhp.pl\/index.php?rest_route=\/wp\/v2\/product"}],"about":[{"href":"https:\/\/asbhp.pl\/index.php?rest_route=\/wp\/v2\/types\/product"}],"replies":[{"embeddable":true,"href":"https:\/\/asbhp.pl\/index.php?rest_route=%2Fwp%2Fv2%2Fcomments&post=18695"}],"wp:featuredmedia":[{"embeddable":true,"href":"https:\/\/asbhp.pl\/index.php?rest_route=\/wp\/v2\/media\/23406"}],"wp:attachment":[{"href":"https:\/\/asbhp.pl\/index.php?rest_route=%2Fwp%2Fv2%2Fmedia&parent=18695"}],"wp:term":[{"taxonomy":"product_brand","embeddable":true,"href":"https:\/\/asbhp.pl\/index.php?rest_route=%2Fwp%2Fv2%2Fproduct_brand&post=18695"},{"taxonomy":"product_cat","embeddable":true,"href":"https:\/\/asbhp.pl\/index.php?rest_route=%2Fwp%2Fv2%2Fproduct_cat&post=18695"},{"taxonomy":"product_tag","embeddable":true,"href":"https:\/\/asbhp.pl\/index.php?rest_route=%2Fwp%2Fv2%2Fproduct_tag&post=18695"}],"curies":[{"name":"wp","href":"https:\/\/api.w.org\/{rel}","templated":true}]}}