{"id":18755,"date":"2025-10-10T09:12:57","date_gmt":"2025-10-10T07:12:57","guid":{"rendered":"https:\/\/asbhp.pl\/produkt\/kalosz-damski-lady\/"},"modified":"2025-10-10T09:13:45","modified_gmt":"2025-10-10T07:13:45","slug":"36-10","status":"publish","type":"product","link":"https:\/\/asbhp.pl\/?product=36-10","title":{"rendered":"36"},"content":{"rendered":"<ul>\n<li>LADY\n<li>wykonane z PCV\n<li>podeszwa z urze\u017abieniem zabezpiecza przed po\u015blizgiem\n<li>zapewniaj\u0105 komfort\n<li>s\u0105 bardzo wygodne i lekkie<\/ul>\n","protected":false},"excerpt":{"rendered":"<p>LADY wykonane z PCV podeszwa z urze\u017abieniem zabezpiecza przed po\u015blizgiem zapewniaj\u0105 komfort s\u0105 bardzo wygodne i lekkie<\/p>\n","protected":false},"featured_media":23692,"comment_status":"closed","ping_status":"open","template":"","meta":[],"product_brand":[416],"product_cat":[405,21],"product_tag":[],"class_list":{"0":"post-18755","1":"product","2":"type-product","3":"status-publish","4":"has-post-thumbnail","6":"product_brand-stalco","7":"product_cat-kalosze","8":"product_cat-obuwie-robocze","9":"pa_producent-stalco","10":"pa_rozmiar-202","11":"pa_rozmiar-203","12":"pa_rozmiar-204","13":"pa_rozmiar-205","14":"pa_rozmiar-206","15":"pa_waga-467","17":"first","18":"instock","19":"shipping-taxable","20":"purchasable","21":"product-type-variable","22":"has-default-attributes"},"_links":{"self":[{"href":"https:\/\/asbhp.pl\/index.php?rest_route=\/wp\/v2\/product\/18755","targetHints":{"allow":["GET"]}}],"collection":[{"href":"https:\/\/asbhp.pl\/index.php?rest_route=\/wp\/v2\/product"}],"about":[{"href":"https:\/\/asbhp.pl\/index.php?rest_route=\/wp\/v2\/types\/product"}],"replies":[{"embeddable":true,"href":"https:\/\/asbhp.pl\/index.php?rest_route=%2Fwp%2Fv2%2Fcomments&post=18755"}],"wp:featuredmedia":[{"embeddable":true,"href":"https:\/\/asbhp.pl\/index.php?rest_route=\/wp\/v2\/media\/23692"}],"wp:attachment":[{"href":"https:\/\/asbhp.pl\/index.php?rest_route=%2Fwp%2Fv2%2Fmedia&parent=18755"}],"wp:term":[{"taxonomy":"product_brand","embeddable":true,"href":"https:\/\/asbhp.pl\/index.php?rest_route=%2Fwp%2Fv2%2Fproduct_brand&post=18755"},{"taxonomy":"product_cat","embeddable":true,"href":"https:\/\/asbhp.pl\/index.php?rest_route=%2Fwp%2Fv2%2Fproduct_cat&post=18755"},{"taxonomy":"product_tag","embeddable":true,"href":"https:\/\/asbhp.pl\/index.php?rest_route=%2Fwp%2Fv2%2Fproduct_tag&post=18755"}],"curies":[{"name":"wp","href":"https:\/\/api.w.org\/{rel}","templated":true}]}}