{"id":18794,"date":"2025-10-10T09:13:45","date_gmt":"2025-10-10T07:13:45","guid":{"rendered":"https:\/\/asbhp.pl\/produkt\/wkladki-do-butow-hermes\/"},"modified":"2025-10-10T09:14:08","modified_gmt":"2025-10-10T07:14:08","slug":"36-12","status":"publish","type":"product","link":"https:\/\/asbhp.pl\/?product=36-12","title":{"rendered":"36"},"content":{"rendered":"<ul>\n<li>wk\u0142adka do but\u00f3w z lekkiej pianki z pami\u0119ci\u0105 kszta\u0142tu,<\/li>\n<li>korytkowana konstrukcja,<\/li>\n<li>wy\u017c\u0142obienia 3D,<\/li>\n<li>\u0142agodz\u0105 nacisk stopy na pod\u0142o\u017ce,<\/li>\n<li>dopasowuj\u0105 si\u0119 do kszta\u0142tu stopu,<\/li>\n<li>zapewniaj\u0105 maksymalny komfort u\u017cytkowania.<\/li>\n<\/ul>\n","protected":false},"excerpt":{"rendered":"<p>wk\u0142adka do but\u00f3w z lekkiej pianki z pami\u0119ci\u0105 kszta\u0142tu, korytkowana konstrukcja, wy\u017c\u0142obienia 3D, \u0142agodz\u0105 nacisk stopy na pod\u0142o\u017ce, dopasowuj\u0105 si\u0119 do kszta\u0142tu stopu, zapewniaj\u0105 maksymalny komfort u\u017cytkowania.<\/p>\n","protected":false},"featured_media":23880,"comment_status":"closed","ping_status":"open","template":"","meta":[],"product_brand":[416],"product_cat":[914,21,915],"product_tag":[],"class_list":{"0":"post-18794","1":"product","2":"type-product","3":"status-publish","4":"has-post-thumbnail","6":"product_brand-stalco","7":"product_cat-akcesoria-obuwnicze","8":"product_cat-obuwie-robocze","9":"product_cat-wkladki-do-butow","10":"pa_producent-stalco","11":"pa_rozmiar-202","12":"pa_rozmiar-203","13":"pa_rozmiar-204","14":"pa_rozmiar-205","15":"pa_rozmiar-206","16":"pa_rozmiar-207","17":"pa_rozmiar-208","18":"pa_rozmiar-209","19":"pa_rozmiar-161","20":"pa_rozmiar-210","21":"pa_rozmiar-162","22":"pa_rozmiar-211","23":"pa_rozmiar-164","24":"pa_waga-0-044","25":"pa_waga-0-046","26":"pa_waga-0-048","27":"pa_waga-0-05","28":"pa_waga-0-052","29":"pa_waga-0-054","30":"pa_waga-0-056","32":"first","33":"instock","34":"shipping-taxable","35":"purchasable","36":"product-type-variable","37":"has-default-attributes"},"_links":{"self":[{"href":"https:\/\/asbhp.pl\/index.php?rest_route=\/wp\/v2\/product\/18794","targetHints":{"allow":["GET"]}}],"collection":[{"href":"https:\/\/asbhp.pl\/index.php?rest_route=\/wp\/v2\/product"}],"about":[{"href":"https:\/\/asbhp.pl\/index.php?rest_route=\/wp\/v2\/types\/product"}],"replies":[{"embeddable":true,"href":"https:\/\/asbhp.pl\/index.php?rest_route=%2Fwp%2Fv2%2Fcomments&post=18794"}],"wp:featuredmedia":[{"embeddable":true,"href":"https:\/\/asbhp.pl\/index.php?rest_route=\/wp\/v2\/media\/23880"}],"wp:attachment":[{"href":"https:\/\/asbhp.pl\/index.php?rest_route=%2Fwp%2Fv2%2Fmedia&parent=18794"}],"wp:term":[{"taxonomy":"product_brand","embeddable":true,"href":"https:\/\/asbhp.pl\/index.php?rest_route=%2Fwp%2Fv2%2Fproduct_brand&post=18794"},{"taxonomy":"product_cat","embeddable":true,"href":"https:\/\/asbhp.pl\/index.php?rest_route=%2Fwp%2Fv2%2Fproduct_cat&post=18794"},{"taxonomy":"product_tag","embeddable":true,"href":"https:\/\/asbhp.pl\/index.php?rest_route=%2Fwp%2Fv2%2Fproduct_tag&post=18794"}],"curies":[{"name":"wp","href":"https:\/\/api.w.org\/{rel}","templated":true}]}}