{"id":18820,"date":"2025-10-10T09:13:45","date_gmt":"2025-10-10T07:13:45","guid":{"rendered":"https:\/\/asbhp.pl\/produkt\/wkladki-do-butow-sportgel\/"},"modified":"2025-10-10T09:14:08","modified_gmt":"2025-10-10T07:14:08","slug":"36-13","status":"publish","type":"product","link":"https:\/\/asbhp.pl\/?product=36-13","title":{"rendered":"36"},"content":{"rendered":"<ul>\n<li>Sportgel<\/li>\n<li>oddychaj\u0105ca<\/li>\n<li>profilowanie poprawiaj\u0105ce stabilno\u015b\u0107<\/li>\n<li>\u017celowa wstawka amortyzuj\u0105ca pi\u0119t\u0119<\/li>\n<\/ul>\n","protected":false},"excerpt":{"rendered":"<p>Sportgel oddychaj\u0105ca profilowanie poprawiaj\u0105ce stabilno\u015b\u0107 \u017celowa wstawka amortyzuj\u0105ca pi\u0119t\u0119<\/p>\n","protected":false},"featured_media":23881,"comment_status":"closed","ping_status":"open","template":"","meta":[],"product_brand":[483],"product_cat":[914,21,915],"product_tag":[],"class_list":{"0":"post-18820","1":"product","2":"type-product","3":"status-publish","4":"has-post-thumbnail","6":"product_brand-stalco-perfect","7":"product_cat-akcesoria-obuwnicze","8":"product_cat-obuwie-robocze","9":"product_cat-wkladki-do-butow","10":"pa_producent-stalco-perfect","11":"pa_rozmiar-202","12":"pa_rozmiar-203","13":"pa_rozmiar-204","14":"pa_rozmiar-205","15":"pa_rozmiar-206","16":"pa_rozmiar-207","17":"pa_rozmiar-208","18":"pa_rozmiar-209","19":"pa_rozmiar-161","20":"pa_rozmiar-210","21":"pa_rozmiar-162","22":"pa_rozmiar-211","23":"pa_rozmiar-164","24":"pa_waga-0-065","25":"pa_waga-0-066","26":"pa_waga-0-071","27":"pa_waga-0-073","28":"pa_waga-0-076","29":"pa_waga-0-077","30":"pa_waga-0-081","31":"pa_waga-0-082","32":"pa_waga-0-084","33":"pa_waga-0-088","34":"pa_waga-0-09","36":"first","37":"instock","38":"shipping-taxable","39":"purchasable","40":"product-type-variable","41":"has-default-attributes"},"_links":{"self":[{"href":"https:\/\/asbhp.pl\/index.php?rest_route=\/wp\/v2\/product\/18820","targetHints":{"allow":["GET"]}}],"collection":[{"href":"https:\/\/asbhp.pl\/index.php?rest_route=\/wp\/v2\/product"}],"about":[{"href":"https:\/\/asbhp.pl\/index.php?rest_route=\/wp\/v2\/types\/product"}],"replies":[{"embeddable":true,"href":"https:\/\/asbhp.pl\/index.php?rest_route=%2Fwp%2Fv2%2Fcomments&post=18820"}],"wp:featuredmedia":[{"embeddable":true,"href":"https:\/\/asbhp.pl\/index.php?rest_route=\/wp\/v2\/media\/23881"}],"wp:attachment":[{"href":"https:\/\/asbhp.pl\/index.php?rest_route=%2Fwp%2Fv2%2Fmedia&parent=18820"}],"wp:term":[{"taxonomy":"product_brand","embeddable":true,"href":"https:\/\/asbhp.pl\/index.php?rest_route=%2Fwp%2Fv2%2Fproduct_brand&post=18820"},{"taxonomy":"product_cat","embeddable":true,"href":"https:\/\/asbhp.pl\/index.php?rest_route=%2Fwp%2Fv2%2Fproduct_cat&post=18820"},{"taxonomy":"product_tag","embeddable":true,"href":"https:\/\/asbhp.pl\/index.php?rest_route=%2Fwp%2Fv2%2Fproduct_tag&post=18820"}],"curies":[{"name":"wp","href":"https:\/\/api.w.org\/{rel}","templated":true}]}}