{"id":18846,"date":"2025-10-10T09:13:45","date_gmt":"2025-10-10T07:13:45","guid":{"rendered":"https:\/\/asbhp.pl\/produkt\/sznurowadla-do-butow-laces\/"},"modified":"2025-10-10T09:14:31","modified_gmt":"2025-10-10T07:14:31","slug":"100-cm","status":"publish","type":"product","link":"https:\/\/asbhp.pl\/?product=100-cm","title":{"rendered":"100 cm"},"content":{"rendered":"<ul>\n<li>Sznurowad\u0142a wyprodukowane ze specjalnie selekcjonowanych w\u0142\u00f3kien poliestrowych o \u015brednicy 5 mm.<\/li>\n<li>Wzmocnione rdzeniem odpornym na przecieranie oraz zrywanie, charakteryzuj\u0105 si\u0119 bardzo d\u0142ug\u0105 \u017cywotno\u015bci\u0105.<\/li>\n<li>Sznur\u00f3wki s\u0105 odporne na wilgo\u0107 oraz ci\u0119\u017ckie warunki<\/li>\n<\/ul>\n","protected":false},"excerpt":{"rendered":"<p>Sznurowad\u0142a wyprodukowane ze specjalnie selekcjonowanych w\u0142\u00f3kien poliestrowych o \u015brednicy 5 mm. Wzmocnione rdzeniem odpornym na przecieranie oraz zrywanie, charakteryzuj\u0105 si\u0119 bardzo d\u0142ug\u0105 \u017cywotno\u015bci\u0105. Sznur\u00f3wki s\u0105 odporne na wilgo\u0107 oraz ci\u0119\u017ckie warunki<\/p>\n","protected":false},"featured_media":23882,"comment_status":"closed","ping_status":"open","template":"","meta":[],"product_brand":[483],"product_cat":[914,21,931],"product_tag":[],"class_list":{"0":"post-18846","1":"product","2":"type-product","3":"status-publish","4":"has-post-thumbnail","6":"product_brand-stalco-perfect","7":"product_cat-akcesoria-obuwnicze","8":"product_cat-obuwie-robocze","9":"product_cat-sznurowki","10":"pa_producent-stalco-perfect","11":"pa_rozmiar-100-cm","12":"pa_rozmiar-120-cm","13":"pa_rozmiar-150-cm","14":"pa_waga-0-01","15":"pa_waga-0-02","17":"first","18":"instock","19":"shipping-taxable","20":"purchasable","21":"product-type-variable","22":"has-default-attributes"},"_links":{"self":[{"href":"https:\/\/asbhp.pl\/index.php?rest_route=\/wp\/v2\/product\/18846","targetHints":{"allow":["GET"]}}],"collection":[{"href":"https:\/\/asbhp.pl\/index.php?rest_route=\/wp\/v2\/product"}],"about":[{"href":"https:\/\/asbhp.pl\/index.php?rest_route=\/wp\/v2\/types\/product"}],"replies":[{"embeddable":true,"href":"https:\/\/asbhp.pl\/index.php?rest_route=%2Fwp%2Fv2%2Fcomments&post=18846"}],"wp:featuredmedia":[{"embeddable":true,"href":"https:\/\/asbhp.pl\/index.php?rest_route=\/wp\/v2\/media\/23882"}],"wp:attachment":[{"href":"https:\/\/asbhp.pl\/index.php?rest_route=%2Fwp%2Fv2%2Fmedia&parent=18846"}],"wp:term":[{"taxonomy":"product_brand","embeddable":true,"href":"https:\/\/asbhp.pl\/index.php?rest_route=%2Fwp%2Fv2%2Fproduct_brand&post=18846"},{"taxonomy":"product_cat","embeddable":true,"href":"https:\/\/asbhp.pl\/index.php?rest_route=%2Fwp%2Fv2%2Fproduct_cat&post=18846"},{"taxonomy":"product_tag","embeddable":true,"href":"https:\/\/asbhp.pl\/index.php?rest_route=%2Fwp%2Fv2%2Fproduct_tag&post=18846"}],"curies":[{"name":"wp","href":"https:\/\/api.w.org\/{rel}","templated":true}]}}