{"id":18852,"date":"2025-10-10T09:14:08","date_gmt":"2025-10-10T07:14:08","guid":{"rendered":"https:\/\/asbhp.pl\/produkt\/rekawice-nitrax-grip-opakowanie-5-par\/"},"modified":"2025-10-10T09:14:31","modified_gmt":"2025-10-10T07:14:31","slug":"8","status":"publish","type":"product","link":"https:\/\/asbhp.pl\/?product=8","title":{"rendered":"8"},"content":{"rendered":"<ul>\n<li style=\"margin-left: 18pt;\">Nitryl<\/li>\n<li style=\"margin-left: 18pt;\">Ultra lekkie<\/li>\n<li style=\"margin-left: 18pt;\">Precyzja ruchu<\/li>\n<li style=\"margin-left: 18pt;\">Pewny chwyt<\/li>\n<li style=\"margin-left: 18pt;\">Innowacyjna technologia wykonania<\/li>\n<li style=\"margin-left: 18pt;\">Olejoodporno\u015b\u0107<\/li>\n<li style=\"margin-left: 18pt;\">Elastyczno\u015b\u0107<\/li>\n<\/ul>\n","protected":false},"excerpt":{"rendered":"<p>Nitryl Ultra lekkie Precyzja ruchu Pewny chwyt Innowacyjna technologia wykonania Olejoodporno\u015b\u0107 Elastyczno\u015b\u0107<\/p>\n","protected":false},"featured_media":23883,"comment_status":"closed","ping_status":"open","template":"","meta":[],"product_brand":[483],"product_cat":[97,936,937],"product_tag":[],"class_list":{"0":"post-18852","1":"product","2":"type-product","3":"status-publish","4":"has-post-thumbnail","6":"product_brand-stalco-perfect","7":"product_cat-rekawice","8":"product_cat-rekawice-chemiczne","9":"product_cat-rekawice-chemooodporne","10":"pa_producent-stalco-perfect","11":"pa_rozmiar-216","12":"pa_rozmiar-218","13":"pa_rozmiar-215","14":"pa_rozmiar-219","15":"pa_waga-0-089","16":"pa_waga-0-094","17":"pa_waga-0-105","19":"first","20":"instock","21":"shipping-taxable","22":"purchasable","23":"product-type-variable","24":"has-default-attributes"},"_links":{"self":[{"href":"https:\/\/asbhp.pl\/index.php?rest_route=\/wp\/v2\/product\/18852","targetHints":{"allow":["GET"]}}],"collection":[{"href":"https:\/\/asbhp.pl\/index.php?rest_route=\/wp\/v2\/product"}],"about":[{"href":"https:\/\/asbhp.pl\/index.php?rest_route=\/wp\/v2\/types\/product"}],"replies":[{"embeddable":true,"href":"https:\/\/asbhp.pl\/index.php?rest_route=%2Fwp%2Fv2%2Fcomments&post=18852"}],"wp:featuredmedia":[{"embeddable":true,"href":"https:\/\/asbhp.pl\/index.php?rest_route=\/wp\/v2\/media\/23883"}],"wp:attachment":[{"href":"https:\/\/asbhp.pl\/index.php?rest_route=%2Fwp%2Fv2%2Fmedia&parent=18852"}],"wp:term":[{"taxonomy":"product_brand","embeddable":true,"href":"https:\/\/asbhp.pl\/index.php?rest_route=%2Fwp%2Fv2%2Fproduct_brand&post=18852"},{"taxonomy":"product_cat","embeddable":true,"href":"https:\/\/asbhp.pl\/index.php?rest_route=%2Fwp%2Fv2%2Fproduct_cat&post=18852"},{"taxonomy":"product_tag","embeddable":true,"href":"https:\/\/asbhp.pl\/index.php?rest_route=%2Fwp%2Fv2%2Fproduct_tag&post=18852"}],"curies":[{"name":"wp","href":"https:\/\/api.w.org\/{rel}","templated":true}]}}