{"id":1888,"date":"2019-09-24T20:51:56","date_gmt":"2019-09-24T18:51:56","guid":{"rendered":"http:\/\/www.asbhp.pl\/produkt\/nogawki-dla-drwali-podszewka-z-zabudow%c2%84-antyprzeci%c2%a2ciow%c2%84\/"},"modified":"2025-10-11T22:04:51","modified_gmt":"2025-10-11T20:04:51","slug":"nogawki-dla-drwali-podszewka-z-zabudow%c2%84-antyprzeci%c2%a2ciow%c2%84","status":"publish","type":"product","link":"https:\/\/asbhp.pl\/?product=nogawki-dla-drwali-podszewka-z-zabudow%c2%84-antyprzeci%c2%a2ciow%c2%84","title":{"rendered":"NOGAWKI DLA DRWALI &#8211; PODSZEWKA Z ZABUDOW\u0104 ANTYPRZECI\u0118CIOW\u0104"},"content":{"rendered":"","protected":false},"excerpt":{"rendered":"<p>NOGAWKI DLA DRWALI &#8211; PODSZEWKA Z ZABUDOW\u0104 ANTYPRZECI\u0118CIOW\u0104<\/p>\n","protected":false},"featured_media":1889,"comment_status":"closed","ping_status":"closed","template":"","meta":[],"product_brand":[],"product_cat":[785,440],"product_tag":[106],"class_list":{"0":"post-1888","1":"product","2":"type-product","3":"status-publish","4":"has-post-thumbnail","6":"product_cat-akcesoria-odziezowe","7":"product_cat-odziez-robocza","8":"product_tag-deltaplus","10":"first","11":"instock","12":"purchasable","13":"product-type-simple"},"_links":{"self":[{"href":"https:\/\/asbhp.pl\/index.php?rest_route=\/wp\/v2\/product\/1888","targetHints":{"allow":["GET"]}}],"collection":[{"href":"https:\/\/asbhp.pl\/index.php?rest_route=\/wp\/v2\/product"}],"about":[{"href":"https:\/\/asbhp.pl\/index.php?rest_route=\/wp\/v2\/types\/product"}],"replies":[{"embeddable":true,"href":"https:\/\/asbhp.pl\/index.php?rest_route=%2Fwp%2Fv2%2Fcomments&post=1888"}],"wp:featuredmedia":[{"embeddable":true,"href":"https:\/\/asbhp.pl\/index.php?rest_route=\/wp\/v2\/media\/1889"}],"wp:attachment":[{"href":"https:\/\/asbhp.pl\/index.php?rest_route=%2Fwp%2Fv2%2Fmedia&parent=1888"}],"wp:term":[{"taxonomy":"product_brand","embeddable":true,"href":"https:\/\/asbhp.pl\/index.php?rest_route=%2Fwp%2Fv2%2Fproduct_brand&post=1888"},{"taxonomy":"product_cat","embeddable":true,"href":"https:\/\/asbhp.pl\/index.php?rest_route=%2Fwp%2Fv2%2Fproduct_cat&post=1888"},{"taxonomy":"product_tag","embeddable":true,"href":"https:\/\/asbhp.pl\/index.php?rest_route=%2Fwp%2Fv2%2Fproduct_tag&post=1888"}],"curies":[{"name":"wp","href":"https:\/\/api.w.org\/{rel}","templated":true}]}}