{"id":18955,"date":"2025-10-10T09:14:08","date_gmt":"2025-10-10T07:14:08","guid":{"rendered":"https:\/\/asbhp.pl\/produkt\/rekawice-nitrax-grip-3\/"},"modified":"2025-10-10T09:14:31","modified_gmt":"2025-10-10T07:14:31","slug":"9-2","status":"publish","type":"product","link":"https:\/\/asbhp.pl\/?product=9-2","title":{"rendered":"9"},"content":{"rendered":"<ul>\n<li style=\"margin-left: 18pt;\">Nitryl<\/li>\n<li style=\"margin-left: 18pt;\">Ultra lekkie<\/li>\n<li style=\"margin-left: 18pt;\">Precyzja ruchu\u00a0<\/li>\n<li style=\"margin-left: 18pt;\">Pewny chwyt<\/li>\n<li style=\"margin-left: 18pt;\">Innowacyjna technologia wykonania<\/li>\n<li style=\"margin-left: 18pt;\">Olejoodporno\u015b\u0107<\/li>\n<li style=\"margin-left: 18pt;\">Elastyczno\u015b\u0107\u00a0<\/li>\n<\/ul>\n","protected":false},"excerpt":{"rendered":"<p>Nitryl Ultra lekkie Precyzja ruchu\u00a0 Pewny chwyt Innowacyjna technologia wykonania Olejoodporno\u015b\u0107 Elastyczno\u015b\u0107\u00a0<\/p>\n","protected":false},"featured_media":23967,"comment_status":"closed","ping_status":"open","template":"","meta":[],"product_brand":[483],"product_cat":[97,936,937],"product_tag":[],"class_list":{"0":"post-18955","1":"product","2":"type-product","3":"status-publish","4":"has-post-thumbnail","6":"product_brand-stalco-perfect","7":"product_cat-rekawice","8":"product_cat-rekawice-chemiczne","9":"product_cat-rekawice-chemooodporne","10":"pa_producent-stalco-perfect","11":"pa_rozmiar-216","12":"pa_rozmiar-218","13":"pa_rozmiar-219","14":"pa_waga-0-01","16":"first","17":"instock","18":"shipping-taxable","19":"purchasable","20":"product-type-variable","21":"has-default-attributes"},"_links":{"self":[{"href":"https:\/\/asbhp.pl\/index.php?rest_route=\/wp\/v2\/product\/18955","targetHints":{"allow":["GET"]}}],"collection":[{"href":"https:\/\/asbhp.pl\/index.php?rest_route=\/wp\/v2\/product"}],"about":[{"href":"https:\/\/asbhp.pl\/index.php?rest_route=\/wp\/v2\/types\/product"}],"replies":[{"embeddable":true,"href":"https:\/\/asbhp.pl\/index.php?rest_route=%2Fwp%2Fv2%2Fcomments&post=18955"}],"wp:featuredmedia":[{"embeddable":true,"href":"https:\/\/asbhp.pl\/index.php?rest_route=\/wp\/v2\/media\/23967"}],"wp:attachment":[{"href":"https:\/\/asbhp.pl\/index.php?rest_route=%2Fwp%2Fv2%2Fmedia&parent=18955"}],"wp:term":[{"taxonomy":"product_brand","embeddable":true,"href":"https:\/\/asbhp.pl\/index.php?rest_route=%2Fwp%2Fv2%2Fproduct_brand&post=18955"},{"taxonomy":"product_cat","embeddable":true,"href":"https:\/\/asbhp.pl\/index.php?rest_route=%2Fwp%2Fv2%2Fproduct_cat&post=18955"},{"taxonomy":"product_tag","embeddable":true,"href":"https:\/\/asbhp.pl\/index.php?rest_route=%2Fwp%2Fv2%2Fproduct_tag&post=18955"}],"curies":[{"name":"wp","href":"https:\/\/api.w.org\/{rel}","templated":true}]}}