{"id":18972,"date":"2025-10-10T09:14:08","date_gmt":"2025-10-10T07:14:08","guid":{"rendered":"https:\/\/asbhp.pl\/produkt\/rekawice-poliestrowe-s-latex-b-eco\/"},"modified":"2025-10-10T09:14:31","modified_gmt":"2025-10-10T07:14:31","slug":"6","status":"publish","type":"product","link":"https:\/\/asbhp.pl\/?product=6","title":{"rendered":"6"},"content":{"rendered":"<ul>\n<li>Pow\u0142oka lateksowa<\/li>\n<li>Poliester<\/li>\n<li>Odporno\u015b\u0107 na \u015bcieranie<\/li>\n<li>Splot 13g<\/li>\n<\/ul>\n","protected":false},"excerpt":{"rendered":"<p>Pow\u0142oka lateksowa Poliester Odporno\u015b\u0107 na \u015bcieranie Splot 13g<\/p>\n","protected":false},"featured_media":23976,"comment_status":"closed","ping_status":"open","template":"","meta":[],"product_brand":[416],"product_cat":[97,946,947],"product_tag":[],"class_list":{"0":"post-18972","1":"product","2":"type-product","3":"status-publish","4":"has-post-thumbnail","6":"product_brand-stalco","7":"product_cat-rekawice","8":"product_cat-rekawice-powlekane","9":"product_cat-rekawice-powlekane-lateksem","10":"pa_producent-stalco","11":"pa_rozmiar-216","12":"pa_rozmiar-218","13":"pa_rozmiar-233","14":"pa_rozmiar-221","15":"pa_rozmiar-215","16":"pa_rozmiar-219","17":"pa_waga-0-044","18":"pa_waga-0-045","19":"pa_waga-0-049","20":"pa_waga-0-051","22":"first","23":"instock","24":"shipping-taxable","25":"purchasable","26":"product-type-variable","27":"has-default-attributes"},"_links":{"self":[{"href":"https:\/\/asbhp.pl\/index.php?rest_route=\/wp\/v2\/product\/18972","targetHints":{"allow":["GET"]}}],"collection":[{"href":"https:\/\/asbhp.pl\/index.php?rest_route=\/wp\/v2\/product"}],"about":[{"href":"https:\/\/asbhp.pl\/index.php?rest_route=\/wp\/v2\/types\/product"}],"replies":[{"embeddable":true,"href":"https:\/\/asbhp.pl\/index.php?rest_route=%2Fwp%2Fv2%2Fcomments&post=18972"}],"wp:featuredmedia":[{"embeddable":true,"href":"https:\/\/asbhp.pl\/index.php?rest_route=\/wp\/v2\/media\/23976"}],"wp:attachment":[{"href":"https:\/\/asbhp.pl\/index.php?rest_route=%2Fwp%2Fv2%2Fmedia&parent=18972"}],"wp:term":[{"taxonomy":"product_brand","embeddable":true,"href":"https:\/\/asbhp.pl\/index.php?rest_route=%2Fwp%2Fv2%2Fproduct_brand&post=18972"},{"taxonomy":"product_cat","embeddable":true,"href":"https:\/\/asbhp.pl\/index.php?rest_route=%2Fwp%2Fv2%2Fproduct_cat&post=18972"},{"taxonomy":"product_tag","embeddable":true,"href":"https:\/\/asbhp.pl\/index.php?rest_route=%2Fwp%2Fv2%2Fproduct_tag&post=18972"}],"curies":[{"name":"wp","href":"https:\/\/api.w.org\/{rel}","templated":true}]}}