{"id":19002,"date":"2025-10-10T09:14:08","date_gmt":"2025-10-10T07:14:08","guid":{"rendered":"https:\/\/asbhp.pl\/produkt\/rekawice-poliestrowe-s-latex-b\/"},"modified":"2025-10-10T09:14:31","modified_gmt":"2025-10-10T07:14:31","slug":"7","status":"publish","type":"product","link":"https:\/\/asbhp.pl\/?product=7","title":{"rendered":"7"},"content":{"rendered":"<ul>\n<li>Innowacyjna technololgia wykonania<\/li>\n<li>Odporno\u015b\u0107 na przeci\u0119cia<\/li>\n<\/ul>\n","protected":false},"excerpt":{"rendered":"<p>Innowacyjna technololgia wykonania Odporno\u015b\u0107 na przeci\u0119cia<\/p>\n","protected":false},"featured_media":23980,"comment_status":"closed","ping_status":"open","template":"","meta":[],"product_brand":[416],"product_cat":[97,946,947],"product_tag":[],"class_list":{"0":"post-19002","1":"product","2":"type-product","3":"status-publish","4":"has-post-thumbnail","6":"product_brand-stalco","7":"product_cat-rekawice","8":"product_cat-rekawice-powlekane","9":"product_cat-rekawice-powlekane-lateksem","10":"pa_producent-stalco","11":"pa_rozmiar-216","12":"pa_rozmiar-221","13":"pa_rozmiar-215","14":"pa_rozmiar-219","15":"pa_waga-0-051","16":"pa_waga-0-055","17":"pa_waga-0-057","19":"first","20":"instock","21":"shipping-taxable","22":"purchasable","23":"product-type-variable","24":"has-default-attributes"},"_links":{"self":[{"href":"https:\/\/asbhp.pl\/index.php?rest_route=\/wp\/v2\/product\/19002","targetHints":{"allow":["GET"]}}],"collection":[{"href":"https:\/\/asbhp.pl\/index.php?rest_route=\/wp\/v2\/product"}],"about":[{"href":"https:\/\/asbhp.pl\/index.php?rest_route=\/wp\/v2\/types\/product"}],"replies":[{"embeddable":true,"href":"https:\/\/asbhp.pl\/index.php?rest_route=%2Fwp%2Fv2%2Fcomments&post=19002"}],"wp:featuredmedia":[{"embeddable":true,"href":"https:\/\/asbhp.pl\/index.php?rest_route=\/wp\/v2\/media\/23980"}],"wp:attachment":[{"href":"https:\/\/asbhp.pl\/index.php?rest_route=%2Fwp%2Fv2%2Fmedia&parent=19002"}],"wp:term":[{"taxonomy":"product_brand","embeddable":true,"href":"https:\/\/asbhp.pl\/index.php?rest_route=%2Fwp%2Fv2%2Fproduct_brand&post=19002"},{"taxonomy":"product_cat","embeddable":true,"href":"https:\/\/asbhp.pl\/index.php?rest_route=%2Fwp%2Fv2%2Fproduct_cat&post=19002"},{"taxonomy":"product_tag","embeddable":true,"href":"https:\/\/asbhp.pl\/index.php?rest_route=%2Fwp%2Fv2%2Fproduct_tag&post=19002"}],"curies":[{"name":"wp","href":"https:\/\/api.w.org\/{rel}","templated":true}]}}