{"id":19061,"date":"2025-10-10T09:14:08","date_gmt":"2025-10-10T07:14:08","guid":{"rendered":"https:\/\/asbhp.pl\/produkt\/rekawice-poliestrowe-s-latex-r\/"},"modified":"2025-10-10T09:15:00","modified_gmt":"2025-10-10T07:15:00","slug":"6-3","status":"publish","type":"product","link":"https:\/\/asbhp.pl\/?product=6-3","title":{"rendered":"6"},"content":{"rendered":"<ul>\n<li>Pow\u0142oka lateksowa<\/li>\n<li>Odporno\u015b\u0107 na \u015bcieranie<\/li>\n<li>Splot 13g<\/li>\n<\/ul>\n<div><\/div>\n","protected":false},"excerpt":{"rendered":"<p>Pow\u0142oka lateksowa Odporno\u015b\u0107 na \u015bcieranie Splot 13g<\/p>\n","protected":false},"featured_media":24005,"comment_status":"closed","ping_status":"open","template":"","meta":[],"product_brand":[416],"product_cat":[97,946,947],"product_tag":[],"class_list":{"0":"post-19061","1":"product","2":"type-product","3":"status-publish","4":"has-post-thumbnail","6":"product_brand-stalco","7":"product_cat-rekawice","8":"product_cat-rekawice-powlekane","9":"product_cat-rekawice-powlekane-lateksem","10":"pa_producent-stalco","11":"pa_rozmiar-216","12":"pa_rozmiar-218","13":"pa_rozmiar-233","14":"pa_rozmiar-221","15":"pa_rozmiar-215","16":"pa_rozmiar-219","17":"pa_waga-0-04","18":"pa_waga-0-05","19":"pa_waga-0-057","21":"first","22":"instock","23":"shipping-taxable","24":"purchasable","25":"product-type-variable","26":"has-default-attributes"},"_links":{"self":[{"href":"https:\/\/asbhp.pl\/index.php?rest_route=\/wp\/v2\/product\/19061","targetHints":{"allow":["GET"]}}],"collection":[{"href":"https:\/\/asbhp.pl\/index.php?rest_route=\/wp\/v2\/product"}],"about":[{"href":"https:\/\/asbhp.pl\/index.php?rest_route=\/wp\/v2\/types\/product"}],"replies":[{"embeddable":true,"href":"https:\/\/asbhp.pl\/index.php?rest_route=%2Fwp%2Fv2%2Fcomments&post=19061"}],"wp:featuredmedia":[{"embeddable":true,"href":"https:\/\/asbhp.pl\/index.php?rest_route=\/wp\/v2\/media\/24005"}],"wp:attachment":[{"href":"https:\/\/asbhp.pl\/index.php?rest_route=%2Fwp%2Fv2%2Fmedia&parent=19061"}],"wp:term":[{"taxonomy":"product_brand","embeddable":true,"href":"https:\/\/asbhp.pl\/index.php?rest_route=%2Fwp%2Fv2%2Fproduct_brand&post=19061"},{"taxonomy":"product_cat","embeddable":true,"href":"https:\/\/asbhp.pl\/index.php?rest_route=%2Fwp%2Fv2%2Fproduct_cat&post=19061"},{"taxonomy":"product_tag","embeddable":true,"href":"https:\/\/asbhp.pl\/index.php?rest_route=%2Fwp%2Fv2%2Fproduct_tag&post=19061"}],"curies":[{"name":"wp","href":"https:\/\/api.w.org\/{rel}","templated":true}]}}