{"id":19106,"date":"2025-10-10T09:14:31","date_gmt":"2025-10-10T07:14:31","guid":{"rendered":"https:\/\/asbhp.pl\/produkt\/rekawice-bawelniano-poliestrowe-s-mediumdrag\/"},"modified":"2025-10-10T09:15:00","modified_gmt":"2025-10-10T07:15:00","slug":"9-4","status":"publish","type":"product","link":"https:\/\/asbhp.pl\/?product=9-4","title":{"rendered":"9"},"content":{"rendered":"<ul>\n<li>Mieszanka poliestrowo-bawe\u0142niana<\/li>\n<li>Pow\u0142oka lateksowa <\/li>\n<li>Oddychaj\u0105ce<\/li>\n<li>Splot 10 g <\/li>\n<\/ul>\n","protected":false},"excerpt":{"rendered":"<p>Mieszanka poliestrowo-bawe\u0142niana Pow\u0142oka lateksowa Oddychaj\u0105ce Splot 10 g<\/p>\n","protected":false},"featured_media":24026,"comment_status":"closed","ping_status":"open","template":"","meta":[],"product_brand":[416],"product_cat":[97,946,947],"product_tag":[],"class_list":{"0":"post-19106","1":"product","2":"type-product","3":"status-publish","4":"has-post-thumbnail","6":"product_brand-stalco","7":"product_cat-rekawice","8":"product_cat-rekawice-powlekane","9":"product_cat-rekawice-powlekane-lateksem","10":"pa_producent-stalco","11":"pa_rozmiar-216","12":"pa_rozmiar-218","13":"pa_rozmiar-219","14":"pa_waga-0-082","15":"pa_waga-0-085","16":"pa_waga-0-095","18":"first","19":"instock","20":"shipping-taxable","21":"purchasable","22":"product-type-variable","23":"has-default-attributes"},"_links":{"self":[{"href":"https:\/\/asbhp.pl\/index.php?rest_route=\/wp\/v2\/product\/19106","targetHints":{"allow":["GET"]}}],"collection":[{"href":"https:\/\/asbhp.pl\/index.php?rest_route=\/wp\/v2\/product"}],"about":[{"href":"https:\/\/asbhp.pl\/index.php?rest_route=\/wp\/v2\/types\/product"}],"replies":[{"embeddable":true,"href":"https:\/\/asbhp.pl\/index.php?rest_route=%2Fwp%2Fv2%2Fcomments&post=19106"}],"wp:featuredmedia":[{"embeddable":true,"href":"https:\/\/asbhp.pl\/index.php?rest_route=\/wp\/v2\/media\/24026"}],"wp:attachment":[{"href":"https:\/\/asbhp.pl\/index.php?rest_route=%2Fwp%2Fv2%2Fmedia&parent=19106"}],"wp:term":[{"taxonomy":"product_brand","embeddable":true,"href":"https:\/\/asbhp.pl\/index.php?rest_route=%2Fwp%2Fv2%2Fproduct_brand&post=19106"},{"taxonomy":"product_cat","embeddable":true,"href":"https:\/\/asbhp.pl\/index.php?rest_route=%2Fwp%2Fv2%2Fproduct_cat&post=19106"},{"taxonomy":"product_tag","embeddable":true,"href":"https:\/\/asbhp.pl\/index.php?rest_route=%2Fwp%2Fv2%2Fproduct_tag&post=19106"}],"curies":[{"name":"wp","href":"https:\/\/api.w.org\/{rel}","templated":true}]}}