{"id":1912,"date":"2019-09-24T20:52:09","date_gmt":"2019-09-24T18:52:09","guid":{"rendered":"http:\/\/www.asbhp.pl\/produkt\/r%c2%a2kawice-z-dzianiny-poliestrowej-wn%c2%a2trze-duoni-z-pu\/"},"modified":"2025-10-11T21:21:18","modified_gmt":"2025-10-11T19:21:18","slug":"r%c2%a2kawice-z-dzianiny-poliestrowej-wn%c2%a2trze-duoni-z-pu","status":"publish","type":"product","link":"https:\/\/asbhp.pl\/?product=r%c2%a2kawice-z-dzianiny-poliestrowej-wn%c2%a2trze-duoni-z-pu","title":{"rendered":"R\u0118KAWICE Z DZIANINY POLIESTROWEJ \/ WN\u0118TRZE D\u0141ONI Z PU"},"content":{"rendered":"","protected":false},"excerpt":{"rendered":"<p>R\u0118KAWICE Z DZIANINY POLIESTROWEJ \/ WN\u0118TRZE D\u0141ONI Z PU<\/p>\n","protected":false},"featured_media":0,"comment_status":"closed","ping_status":"closed","template":"","meta":[],"product_brand":[],"product_cat":[97,424],"product_tag":[106],"class_list":{"0":"post-1912","1":"product","2":"type-product","3":"status-publish","5":"product_cat-rekawice","6":"product_cat-rekawice-ochronne","7":"product_tag-deltaplus","9":"first","10":"instock","11":"purchasable","12":"product-type-simple"},"_links":{"self":[{"href":"https:\/\/asbhp.pl\/index.php?rest_route=\/wp\/v2\/product\/1912","targetHints":{"allow":["GET"]}}],"collection":[{"href":"https:\/\/asbhp.pl\/index.php?rest_route=\/wp\/v2\/product"}],"about":[{"href":"https:\/\/asbhp.pl\/index.php?rest_route=\/wp\/v2\/types\/product"}],"replies":[{"embeddable":true,"href":"https:\/\/asbhp.pl\/index.php?rest_route=%2Fwp%2Fv2%2Fcomments&post=1912"}],"wp:attachment":[{"href":"https:\/\/asbhp.pl\/index.php?rest_route=%2Fwp%2Fv2%2Fmedia&parent=1912"}],"wp:term":[{"taxonomy":"product_brand","embeddable":true,"href":"https:\/\/asbhp.pl\/index.php?rest_route=%2Fwp%2Fv2%2Fproduct_brand&post=1912"},{"taxonomy":"product_cat","embeddable":true,"href":"https:\/\/asbhp.pl\/index.php?rest_route=%2Fwp%2Fv2%2Fproduct_cat&post=1912"},{"taxonomy":"product_tag","embeddable":true,"href":"https:\/\/asbhp.pl\/index.php?rest_route=%2Fwp%2Fv2%2Fproduct_tag&post=1912"}],"curies":[{"name":"wp","href":"https:\/\/api.w.org\/{rel}","templated":true}]}}