{"id":19205,"date":"2025-10-10T09:14:31","date_gmt":"2025-10-10T07:14:31","guid":{"rendered":"https:\/\/asbhp.pl\/produkt\/rekawice-poliestrowe-latex-foam\/"},"modified":"2025-10-10T09:15:00","modified_gmt":"2025-10-10T07:15:00","slug":"8-8","status":"publish","type":"product","link":"https:\/\/asbhp.pl\/?product=8-8","title":{"rendered":"8"},"content":{"rendered":"<ul>\n<li style=\"margin-bottom: 0cm;\">Pow\u0142oka lateksowa ><\/li>\n<li style=\"margin-bottom: 0cm;\">&#8220;Marszczony&#8221; lateks ><\/li>\n<li style=\"margin-bottom: 0cm;\">Poliester ><\/li>\n<li style=\"margin-bottom: 0cm;\">\u015aci\u0105gacz o splocie waflowy<o:p \n<br \/>\n","protected":false},"excerpt":{"rendered":"<p>Pow\u0142oka lateksowa > &#8220;Marszczony&#8221; lateks > Poliester > \u015aci\u0105gacz o splocie waflowy<\/p>\n","protected":false},"featured_media":24103,"comment_status":"closed","ping_status":"open","template":"","meta":[],"product_brand":[483],"product_cat":[97,946,947],"product_tag":[],"class_list":{"0":"post-19205","1":"product","2":"type-product","3":"status-publish","4":"has-post-thumbnail","6":"product_brand-stalco-perfect","7":"product_cat-rekawice","8":"product_cat-rekawice-powlekane","9":"product_cat-rekawice-powlekane-lateksem","10":"pa_producent-stalco-perfect","11":"pa_rozmiar-216","12":"pa_rozmiar-218","13":"pa_rozmiar-215","14":"pa_rozmiar-219","15":"pa_waga-0-04","16":"pa_waga-0-05","17":"pa_waga-0-055","18":"pa_waga-0-06","20":"first","21":"instock","22":"shipping-taxable","23":"purchasable","24":"product-type-variable","25":"has-default-attributes"},"_links":{"self":[{"href":"https:\/\/asbhp.pl\/index.php?rest_route=\/wp\/v2\/product\/19205","targetHints":{"allow":["GET"]}}],"collection":[{"href":"https:\/\/asbhp.pl\/index.php?rest_route=\/wp\/v2\/product"}],"about":[{"href":"https:\/\/asbhp.pl\/index.php?rest_route=\/wp\/v2\/types\/product"}],"replies":[{"embeddable":true,"href":"https:\/\/asbhp.pl\/index.php?rest_route=%2Fwp%2Fv2%2Fcomments&post=19205"}],"wp:featuredmedia":[{"embeddable":true,"href":"https:\/\/asbhp.pl\/index.php?rest_route=\/wp\/v2\/media\/24103"}],"wp:attachment":[{"href":"https:\/\/asbhp.pl\/index.php?rest_route=%2Fwp%2Fv2%2Fmedia&parent=19205"}],"wp:term":[{"taxonomy":"product_brand","embeddable":true,"href":"https:\/\/asbhp.pl\/index.php?rest_route=%2Fwp%2Fv2%2Fproduct_brand&post=19205"},{"taxonomy":"product_cat","embeddable":true,"href":"https:\/\/asbhp.pl\/index.php?rest_route=%2Fwp%2Fv2%2Fproduct_cat&post=19205"},{"taxonomy":"product_tag","embeddable":true,"href":"https:\/\/asbhp.pl\/index.php?rest_route=%2Fwp%2Fv2%2Fproduct_tag&post=19205"}],"curies":[{"name":"wp","href":"https:\/\/api.w.org\/{rel}","templated":true}]}}