{"id":19225,"date":"2025-10-10T09:14:31","date_gmt":"2025-10-10T07:14:31","guid":{"rendered":"https:\/\/asbhp.pl\/produkt\/rekawice-nylonowe-aqua-foam\/"},"modified":"2025-10-10T09:15:00","modified_gmt":"2025-10-10T07:15:00","slug":"7-3","status":"publish","type":"product","link":"https:\/\/asbhp.pl\/?product=7-3","title":{"rendered":"7"},"content":{"rendered":"<ul>\n<li>Podw\u00f3jna pow\u0142oka lateksowa<\/li>\n<li>Nylon<\/li>\n<li>Lateks foam<\/li>\n<li>\u015aci\u0105gacz o splocie waflowy<\/li>\n<li>Pewny chwyt<\/li>\n<li>Innowacyjna technologia wykonania<\/li>\n<li>Splot 15g<\/li>\n<li>Zalewane palce<\/li>\n<li>Sandy Finish<\/li>\n<\/ul>\n","protected":false},"excerpt":{"rendered":"<p>Podw\u00f3jna pow\u0142oka lateksowa Nylon Lateks foam \u015aci\u0105gacz o splocie waflowy Pewny chwyt Innowacyjna technologia wykonania Splot 15g Zalewane palce Sandy Finish<\/p>\n","protected":false},"featured_media":24119,"comment_status":"closed","ping_status":"open","template":"","meta":[],"product_brand":[483],"product_cat":[97,946,947],"product_tag":[],"class_list":{"0":"post-19225","1":"product","2":"type-product","3":"status-publish","4":"has-post-thumbnail","6":"product_brand-stalco-perfect","7":"product_cat-rekawice","8":"product_cat-rekawice-powlekane","9":"product_cat-rekawice-powlekane-lateksem","10":"pa_producent-stalco-perfect","11":"pa_rozmiar-216","12":"pa_rozmiar-218","13":"pa_rozmiar-221","14":"pa_rozmiar-215","15":"pa_rozmiar-219","16":"pa_waga-0-06","17":"pa_waga-0-066","18":"pa_waga-0-075","19":"pa_waga-0-079","21":"first","22":"instock","23":"shipping-taxable","24":"purchasable","25":"product-type-variable","26":"has-default-attributes"},"_links":{"self":[{"href":"https:\/\/asbhp.pl\/index.php?rest_route=\/wp\/v2\/product\/19225","targetHints":{"allow":["GET"]}}],"collection":[{"href":"https:\/\/asbhp.pl\/index.php?rest_route=\/wp\/v2\/product"}],"about":[{"href":"https:\/\/asbhp.pl\/index.php?rest_route=\/wp\/v2\/types\/product"}],"replies":[{"embeddable":true,"href":"https:\/\/asbhp.pl\/index.php?rest_route=%2Fwp%2Fv2%2Fcomments&post=19225"}],"wp:featuredmedia":[{"embeddable":true,"href":"https:\/\/asbhp.pl\/index.php?rest_route=\/wp\/v2\/media\/24119"}],"wp:attachment":[{"href":"https:\/\/asbhp.pl\/index.php?rest_route=%2Fwp%2Fv2%2Fmedia&parent=19225"}],"wp:term":[{"taxonomy":"product_brand","embeddable":true,"href":"https:\/\/asbhp.pl\/index.php?rest_route=%2Fwp%2Fv2%2Fproduct_brand&post=19225"},{"taxonomy":"product_cat","embeddable":true,"href":"https:\/\/asbhp.pl\/index.php?rest_route=%2Fwp%2Fv2%2Fproduct_cat&post=19225"},{"taxonomy":"product_tag","embeddable":true,"href":"https:\/\/asbhp.pl\/index.php?rest_route=%2Fwp%2Fv2%2Fproduct_tag&post=19225"}],"curies":[{"name":"wp","href":"https:\/\/api.w.org\/{rel}","templated":true}]}}