{"id":19311,"date":"2025-10-10T09:14:31","date_gmt":"2025-10-10T07:14:31","guid":{"rendered":"https:\/\/asbhp.pl\/produkt\/rekawice-poliestrowe-winter-foam\/"},"modified":"2025-10-10T09:15:32","modified_gmt":"2025-10-10T07:15:32","slug":"8-9","status":"publish","type":"product","link":"https:\/\/asbhp.pl\/?product=8-9","title":{"rendered":"8"},"content":{"rendered":"<ul>\n<li>Podw\u00f3jna pow\u0142oka lateksowa<\/li>\n<li>Poliester<\/li>\n<li>Ocieplina akrylowa<\/li>\n<li>Sandy Finish<\/li>\n<li>Wodoodporne<\/li>\n<li>Pewny chwyt<\/li>\n<li>\u015aci\u0105gacz o splocie waflowy<\/li>\n<li>Innowacyjna technologia touch scree<\/li>\n<\/ul>\n","protected":false},"excerpt":{"rendered":"<p>Podw\u00f3jna pow\u0142oka lateksowa Poliester Ocieplina akrylowa Sandy Finish Wodoodporne Pewny chwyt \u015aci\u0105gacz o splocie waflowy Innowacyjna technologia touch scree<\/p>\n","protected":false},"featured_media":24180,"comment_status":"closed","ping_status":"open","template":"","meta":[],"product_brand":[483],"product_cat":[97,946,971],"product_tag":[],"class_list":{"0":"post-19311","1":"product","2":"type-product","3":"status-publish","4":"has-post-thumbnail","6":"product_brand-stalco-perfect","7":"product_cat-rekawice","8":"product_cat-rekawice-powlekane","9":"product_cat-rekawice-powlekane-lateksem-ocieplane","10":"pa_producent-stalco-perfect","11":"pa_rozmiar-216","12":"pa_rozmiar-218","13":"pa_rozmiar-215","14":"pa_rozmiar-219","15":"pa_waga-0-12","16":"pa_waga-0-13","17":"pa_waga-0-14","19":"first","20":"instock","21":"shipping-taxable","22":"purchasable","23":"product-type-variable","24":"has-default-attributes"},"_links":{"self":[{"href":"https:\/\/asbhp.pl\/index.php?rest_route=\/wp\/v2\/product\/19311","targetHints":{"allow":["GET"]}}],"collection":[{"href":"https:\/\/asbhp.pl\/index.php?rest_route=\/wp\/v2\/product"}],"about":[{"href":"https:\/\/asbhp.pl\/index.php?rest_route=\/wp\/v2\/types\/product"}],"replies":[{"embeddable":true,"href":"https:\/\/asbhp.pl\/index.php?rest_route=%2Fwp%2Fv2%2Fcomments&post=19311"}],"wp:featuredmedia":[{"embeddable":true,"href":"https:\/\/asbhp.pl\/index.php?rest_route=\/wp\/v2\/media\/24180"}],"wp:attachment":[{"href":"https:\/\/asbhp.pl\/index.php?rest_route=%2Fwp%2Fv2%2Fmedia&parent=19311"}],"wp:term":[{"taxonomy":"product_brand","embeddable":true,"href":"https:\/\/asbhp.pl\/index.php?rest_route=%2Fwp%2Fv2%2Fproduct_brand&post=19311"},{"taxonomy":"product_cat","embeddable":true,"href":"https:\/\/asbhp.pl\/index.php?rest_route=%2Fwp%2Fv2%2Fproduct_cat&post=19311"},{"taxonomy":"product_tag","embeddable":true,"href":"https:\/\/asbhp.pl\/index.php?rest_route=%2Fwp%2Fv2%2Fproduct_tag&post=19311"}],"curies":[{"name":"wp","href":"https:\/\/api.w.org\/{rel}","templated":true}]}}