{"id":19358,"date":"2025-10-10T09:15:01","date_gmt":"2025-10-10T07:15:01","guid":{"rendered":"https:\/\/asbhp.pl\/produkt\/rekawice-bawelniane-s-heavy-n\/"},"modified":"2025-10-10T09:15:12","modified_gmt":"2025-10-10T07:15:12","slug":"10-3","status":"publish","type":"product","link":"https:\/\/asbhp.pl\/?product=10-3","title":{"rendered":"10"},"content":{"rendered":"<ul>\n<li style=\"margin-bottom: 0cm;\">Pow\u0142oka nitrylowa  ><\/li>\n<li style=\"margin-bottom: 0cm;\">Bawe\u0142na  ><\/li>\n<li style=\"margin-bottom: 0cm;\">Olejoodporno\u015b\u0107 ><\/li>\n<li style=\"margin-bottom: 0cm;\">Splot 13g ><\/li>\n<\/ul>\n","protected":false},"excerpt":{"rendered":"<p>Pow\u0142oka nitrylowa > Bawe\u0142na > Olejoodporno\u015b\u0107 > Splot 13g ><\/p>\n","protected":false},"featured_media":24254,"comment_status":"closed","ping_status":"open","template":"","meta":[],"product_brand":[416],"product_cat":[97,946,966],"product_tag":[],"class_list":{"0":"post-19358","1":"product","2":"type-product","3":"status-publish","4":"has-post-thumbnail","6":"product_brand-stalco","7":"product_cat-rekawice","8":"product_cat-rekawice-powlekane","9":"product_cat-rekawice-powlekane-nitrylem","10":"pa_producent-stalco","11":"pa_rozmiar-216","12":"pa_waga-0-12","14":"first","15":"instock","16":"shipping-taxable","17":"purchasable","18":"product-type-simple"},"_links":{"self":[{"href":"https:\/\/asbhp.pl\/index.php?rest_route=\/wp\/v2\/product\/19358","targetHints":{"allow":["GET"]}}],"collection":[{"href":"https:\/\/asbhp.pl\/index.php?rest_route=\/wp\/v2\/product"}],"about":[{"href":"https:\/\/asbhp.pl\/index.php?rest_route=\/wp\/v2\/types\/product"}],"replies":[{"embeddable":true,"href":"https:\/\/asbhp.pl\/index.php?rest_route=%2Fwp%2Fv2%2Fcomments&post=19358"}],"wp:featuredmedia":[{"embeddable":true,"href":"https:\/\/asbhp.pl\/index.php?rest_route=\/wp\/v2\/media\/24254"}],"wp:attachment":[{"href":"https:\/\/asbhp.pl\/index.php?rest_route=%2Fwp%2Fv2%2Fmedia&parent=19358"}],"wp:term":[{"taxonomy":"product_brand","embeddable":true,"href":"https:\/\/asbhp.pl\/index.php?rest_route=%2Fwp%2Fv2%2Fproduct_brand&post=19358"},{"taxonomy":"product_cat","embeddable":true,"href":"https:\/\/asbhp.pl\/index.php?rest_route=%2Fwp%2Fv2%2Fproduct_cat&post=19358"},{"taxonomy":"product_tag","embeddable":true,"href":"https:\/\/asbhp.pl\/index.php?rest_route=%2Fwp%2Fv2%2Fproduct_tag&post=19358"}],"curies":[{"name":"wp","href":"https:\/\/api.w.org\/{rel}","templated":true}]}}