{"id":19363,"date":"2025-10-10T09:15:01","date_gmt":"2025-10-10T07:15:01","guid":{"rendered":"https:\/\/asbhp.pl\/produkt\/rekawice-nylonowe-nitrile-flex-foam\/"},"modified":"2025-10-10T09:15:32","modified_gmt":"2025-10-10T07:15:32","slug":"6-7","status":"publish","type":"product","link":"https:\/\/asbhp.pl\/?product=6-7","title":{"rendered":"6"},"content":{"rendered":"<ul>\n<li style=\"margin-bottom: 0cm;\">Pow\u0142oka nitrylowa<\/li>\n<li style=\"margin-bottom: 0cm;\">Nitrile foam<\/li>\n<li style=\"margin-bottom: 0cm;\">Nylon<\/li>\n<li style=\"margin-bottom: 0cm;\">Elastan<\/li>\n<li style=\"margin-bottom: 0cm;\">Ultra lekkie<\/li>\n<li style=\"margin-bottom: 0cm;\">Oddychaj\u0105ce<\/li>\n<li style=\"margin-bottom: 0cm;\">\u015aci\u0105gacz o splocie waflowy<\/li>\n<li style=\"margin-bottom: 0cm;\">Precyzja ruchu<\/li>\n<li style=\"margin-bottom: 0cm;\">Innowacyjna technologia wykonania<\/li>\n<li style=\"margin-bottom: 0cm;\">Odporno\u015b\u0107 na \u015bcieranie<\/li>\n<li style=\"margin-bottom: 0cm;\">Splot 18 G<\/li>\n<li style=\"margin-bottom: 0cm;\">Elastyczne<\/li>\n<\/ul>\n","protected":false},"excerpt":{"rendered":"<p>Pow\u0142oka nitrylowa Nitrile foam Nylon Elastan Ultra lekkie Oddychaj\u0105ce \u015aci\u0105gacz o splocie waflowy Precyzja ruchu Innowacyjna technologia wykonania Odporno\u015b\u0107 na \u015bcieranie Splot 18 G Elastyczne<\/p>\n","protected":false},"featured_media":24258,"comment_status":"closed","ping_status":"open","template":"","meta":[],"product_brand":[483],"product_cat":[97,946,966],"product_tag":[],"class_list":{"0":"post-19363","1":"product","2":"type-product","3":"status-publish","4":"has-post-thumbnail","6":"product_brand-stalco-perfect","7":"product_cat-rekawice","8":"product_cat-rekawice-powlekane","9":"product_cat-rekawice-powlekane-nitrylem","10":"pa_producent-stalco-perfect","11":"pa_rozmiar-216","12":"pa_rozmiar-218","13":"pa_rozmiar-233","14":"pa_rozmiar-221","15":"pa_rozmiar-215","16":"pa_rozmiar-219","17":"pa_waga-0-02","18":"pa_waga-0-036","19":"pa_waga-0-038","20":"pa_waga-0-04","21":"pa_waga-0-047","22":"pa_waga-0-05","24":"first","25":"instock","26":"shipping-taxable","27":"purchasable","28":"product-type-variable","29":"has-default-attributes"},"_links":{"self":[{"href":"https:\/\/asbhp.pl\/index.php?rest_route=\/wp\/v2\/product\/19363","targetHints":{"allow":["GET"]}}],"collection":[{"href":"https:\/\/asbhp.pl\/index.php?rest_route=\/wp\/v2\/product"}],"about":[{"href":"https:\/\/asbhp.pl\/index.php?rest_route=\/wp\/v2\/types\/product"}],"replies":[{"embeddable":true,"href":"https:\/\/asbhp.pl\/index.php?rest_route=%2Fwp%2Fv2%2Fcomments&post=19363"}],"wp:featuredmedia":[{"embeddable":true,"href":"https:\/\/asbhp.pl\/index.php?rest_route=\/wp\/v2\/media\/24258"}],"wp:attachment":[{"href":"https:\/\/asbhp.pl\/index.php?rest_route=%2Fwp%2Fv2%2Fmedia&parent=19363"}],"wp:term":[{"taxonomy":"product_brand","embeddable":true,"href":"https:\/\/asbhp.pl\/index.php?rest_route=%2Fwp%2Fv2%2Fproduct_brand&post=19363"},{"taxonomy":"product_cat","embeddable":true,"href":"https:\/\/asbhp.pl\/index.php?rest_route=%2Fwp%2Fv2%2Fproduct_cat&post=19363"},{"taxonomy":"product_tag","embeddable":true,"href":"https:\/\/asbhp.pl\/index.php?rest_route=%2Fwp%2Fv2%2Fproduct_tag&post=19363"}],"curies":[{"name":"wp","href":"https:\/\/api.w.org\/{rel}","templated":true}]}}