{"id":19423,"date":"2025-10-10T09:15:01","date_gmt":"2025-10-10T07:15:01","guid":{"rendered":"https:\/\/asbhp.pl\/produkt\/rekawice-nylonowe-nitrile-flex-dots\/"},"modified":"2025-10-10T09:15:32","modified_gmt":"2025-10-10T07:15:32","slug":"6-10","status":"publish","type":"product","link":"https:\/\/asbhp.pl\/?product=6-10","title":{"rendered":"6"},"content":{"rendered":"<ul>\n<li>Pow\u0142oka nitrylowa<\/li>\n<li>Nylon<\/li>\n<li>Elastan<\/li>\n<li>Nitrile dots<\/li>\n<li>Ultra lekkie<\/li>\n<li>Oddychaj\u0105ce<\/li>\n<li>\u015aci\u0105gacz o splocie waflowy<\/li>\n<li>Precyzja ruchu\u00a0<\/li>\n<li>Pewny chwyt<\/li>\n<li>Innowacyjna technologia wykonania\u00a0<\/li>\n<li>Odporno\u015b\u0107 na \u015bcieranie<\/li>\n<li>Splot 15g<\/li>\n<li>Elastyczne<\/li>\n<li>Antypo\u015blizgowe<\/li>\n<\/ul>\n","protected":false},"excerpt":{"rendered":"<p>Pow\u0142oka nitrylowa Nylon Elastan Nitrile dots Ultra lekkie Oddychaj\u0105ce \u015aci\u0105gacz o splocie waflowy Precyzja ruchu\u00a0 Pewny chwyt Innowacyjna technologia wykonania\u00a0 Odporno\u015b\u0107 na \u015bcieranie Splot 15g Elastyczne Antypo\u015blizgowe<\/p>\n","protected":false},"featured_media":24346,"comment_status":"closed","ping_status":"open","template":"","meta":[],"product_brand":[483],"product_cat":[97,946,966],"product_tag":[],"class_list":{"0":"post-19423","1":"product","2":"type-product","3":"status-publish","4":"has-post-thumbnail","6":"product_brand-stalco-perfect","7":"product_cat-rekawice","8":"product_cat-rekawice-powlekane","9":"product_cat-rekawice-powlekane-nitrylem","10":"pa_producent-stalco-perfect","11":"pa_rozmiar-216","12":"pa_rozmiar-218","13":"pa_rozmiar-233","14":"pa_rozmiar-221","15":"pa_rozmiar-215","16":"pa_rozmiar-219","17":"pa_waga-0-04","18":"pa_waga-0-05","20":"first","21":"instock","22":"shipping-taxable","23":"purchasable","24":"product-type-variable","25":"has-default-attributes"},"_links":{"self":[{"href":"https:\/\/asbhp.pl\/index.php?rest_route=\/wp\/v2\/product\/19423","targetHints":{"allow":["GET"]}}],"collection":[{"href":"https:\/\/asbhp.pl\/index.php?rest_route=\/wp\/v2\/product"}],"about":[{"href":"https:\/\/asbhp.pl\/index.php?rest_route=\/wp\/v2\/types\/product"}],"replies":[{"embeddable":true,"href":"https:\/\/asbhp.pl\/index.php?rest_route=%2Fwp%2Fv2%2Fcomments&post=19423"}],"wp:featuredmedia":[{"embeddable":true,"href":"https:\/\/asbhp.pl\/index.php?rest_route=\/wp\/v2\/media\/24346"}],"wp:attachment":[{"href":"https:\/\/asbhp.pl\/index.php?rest_route=%2Fwp%2Fv2%2Fmedia&parent=19423"}],"wp:term":[{"taxonomy":"product_brand","embeddable":true,"href":"https:\/\/asbhp.pl\/index.php?rest_route=%2Fwp%2Fv2%2Fproduct_brand&post=19423"},{"taxonomy":"product_cat","embeddable":true,"href":"https:\/\/asbhp.pl\/index.php?rest_route=%2Fwp%2Fv2%2Fproduct_cat&post=19423"},{"taxonomy":"product_tag","embeddable":true,"href":"https:\/\/asbhp.pl\/index.php?rest_route=%2Fwp%2Fv2%2Fproduct_tag&post=19423"}],"curies":[{"name":"wp","href":"https:\/\/api.w.org\/{rel}","templated":true}]}}