{"id":19623,"date":"2025-10-10T09:15:33","date_gmt":"2025-10-10T07:15:33","guid":{"rendered":"https:\/\/asbhp.pl\/produkt\/rekawice-poliestrowe-poli-cut-5\/"},"modified":"2025-10-10T09:16:01","modified_gmt":"2025-10-10T07:16:01","slug":"8-12","status":"publish","type":"product","link":"https:\/\/asbhp.pl\/?product=8-12","title":{"rendered":"8"},"content":{"rendered":"<ul>\n<li>Pow\u0142oka poliuretanowa<\/li>\n<li>\u015aci\u0105gacz o splocie waflowy<\/li>\n<li>Precyzja ruchu<\/li>\n<li>Odporno\u015b\u0107 na przeci\u0119cia<\/li>\n<li>HPPE<\/li>\n<\/ul>\n","protected":false},"excerpt":{"rendered":"<p>Pow\u0142oka poliuretanowa \u015aci\u0105gacz o splocie waflowy Precyzja ruchu Odporno\u015b\u0107 na przeci\u0119cia HPPE<\/p>\n","protected":false},"featured_media":24428,"comment_status":"closed","ping_status":"open","template":"","meta":[],"product_brand":[483],"product_cat":[97,946,975],"product_tag":[],"class_list":{"0":"post-19623","1":"product","2":"type-product","3":"status-publish","4":"has-post-thumbnail","6":"product_brand-stalco-perfect","7":"product_cat-rekawice","8":"product_cat-rekawice-powlekane","9":"product_cat-rekawice-powlekane-poliuretanem","10":"pa_producent-stalco-perfect","11":"pa_rozmiar-216","12":"pa_rozmiar-218","13":"pa_rozmiar-215","14":"pa_rozmiar-219","15":"pa_waga-0-06","16":"pa_waga-0-065","17":"pa_waga-0-07","19":"first","20":"instock","21":"shipping-taxable","22":"purchasable","23":"product-type-variable","24":"has-default-attributes"},"_links":{"self":[{"href":"https:\/\/asbhp.pl\/index.php?rest_route=\/wp\/v2\/product\/19623","targetHints":{"allow":["GET"]}}],"collection":[{"href":"https:\/\/asbhp.pl\/index.php?rest_route=\/wp\/v2\/product"}],"about":[{"href":"https:\/\/asbhp.pl\/index.php?rest_route=\/wp\/v2\/types\/product"}],"replies":[{"embeddable":true,"href":"https:\/\/asbhp.pl\/index.php?rest_route=%2Fwp%2Fv2%2Fcomments&post=19623"}],"wp:featuredmedia":[{"embeddable":true,"href":"https:\/\/asbhp.pl\/index.php?rest_route=\/wp\/v2\/media\/24428"}],"wp:attachment":[{"href":"https:\/\/asbhp.pl\/index.php?rest_route=%2Fwp%2Fv2%2Fmedia&parent=19623"}],"wp:term":[{"taxonomy":"product_brand","embeddable":true,"href":"https:\/\/asbhp.pl\/index.php?rest_route=%2Fwp%2Fv2%2Fproduct_brand&post=19623"},{"taxonomy":"product_cat","embeddable":true,"href":"https:\/\/asbhp.pl\/index.php?rest_route=%2Fwp%2Fv2%2Fproduct_cat&post=19623"},{"taxonomy":"product_tag","embeddable":true,"href":"https:\/\/asbhp.pl\/index.php?rest_route=%2Fwp%2Fv2%2Fproduct_tag&post=19623"}],"curies":[{"name":"wp","href":"https:\/\/api.w.org\/{rel}","templated":true}]}}