{"id":19690,"date":"2025-10-10T09:15:33","date_gmt":"2025-10-10T07:15:33","guid":{"rendered":"https:\/\/asbhp.pl\/produkt\/rekawice-skorzane-s-skin-hard\/"},"modified":"2025-10-10T09:15:48","modified_gmt":"2025-10-10T07:15:48","slug":"10-6","status":"publish","type":"product","link":"https:\/\/asbhp.pl\/?product=10-6","title":{"rendered":"10"},"content":{"rendered":"<ul>\n<li>\n<li style=\"list-style-type: disc;\">Bawe\u0142na<\/li>\n<li style=\"list-style-type: disc;\">Sk\u00f3ra \u015bwi\u0144ska<\/li>\n<li style=\"list-style-type: disc;\">Odporno\u015b\u0107 na rozdarcia<\/li>\n<\/li>\n<\/ul>\n","protected":false},"excerpt":{"rendered":"<p>Bawe\u0142na Sk\u00f3ra \u015bwi\u0144ska Odporno\u015b\u0107 na rozdarcia<\/p>\n","protected":false},"featured_media":24483,"comment_status":"closed","ping_status":"open","template":"","meta":[],"product_brand":[416],"product_cat":[97,979,980],"product_tag":[],"class_list":{"0":"post-19690","1":"product","2":"type-product","3":"status-publish","4":"has-post-thumbnail","6":"product_brand-stalco","7":"product_cat-rekawice","8":"product_cat-rekawice-skorzane","9":"product_cat-rekawice-skorzane-laczone","10":"pa_producent-stalco","11":"pa_rozmiar-216","12":"pa_waga-0-217","14":"first","15":"instock","16":"shipping-taxable","17":"purchasable","18":"product-type-simple"},"_links":{"self":[{"href":"https:\/\/asbhp.pl\/index.php?rest_route=\/wp\/v2\/product\/19690","targetHints":{"allow":["GET"]}}],"collection":[{"href":"https:\/\/asbhp.pl\/index.php?rest_route=\/wp\/v2\/product"}],"about":[{"href":"https:\/\/asbhp.pl\/index.php?rest_route=\/wp\/v2\/types\/product"}],"replies":[{"embeddable":true,"href":"https:\/\/asbhp.pl\/index.php?rest_route=%2Fwp%2Fv2%2Fcomments&post=19690"}],"wp:featuredmedia":[{"embeddable":true,"href":"https:\/\/asbhp.pl\/index.php?rest_route=\/wp\/v2\/media\/24483"}],"wp:attachment":[{"href":"https:\/\/asbhp.pl\/index.php?rest_route=%2Fwp%2Fv2%2Fmedia&parent=19690"}],"wp:term":[{"taxonomy":"product_brand","embeddable":true,"href":"https:\/\/asbhp.pl\/index.php?rest_route=%2Fwp%2Fv2%2Fproduct_brand&post=19690"},{"taxonomy":"product_cat","embeddable":true,"href":"https:\/\/asbhp.pl\/index.php?rest_route=%2Fwp%2Fv2%2Fproduct_cat&post=19690"},{"taxonomy":"product_tag","embeddable":true,"href":"https:\/\/asbhp.pl\/index.php?rest_route=%2Fwp%2Fv2%2Fproduct_tag&post=19690"}],"curies":[{"name":"wp","href":"https:\/\/api.w.org\/{rel}","templated":true}]}}