{"id":19697,"date":"2025-10-10T09:15:33","date_gmt":"2025-10-10T07:15:33","guid":{"rendered":"https:\/\/asbhp.pl\/produkt\/rekawice-skorzane-skin-soft\/"},"modified":"2025-10-10T09:16:01","modified_gmt":"2025-10-10T07:16:01","slug":"6-13","status":"publish","type":"product","link":"https:\/\/asbhp.pl\/?product=6-13","title":{"rendered":"6"},"content":{"rendered":"<ul>\n<li>Sk\u00f3ra kozia<\/li>\n<li>Siatka poliestrowa<\/li>\n<li>Oddychaj\u0105ce<\/li>\n<li>Odporno\u015b\u0107 na \u015bcieranie<\/li>\n<li>Elastyczne<\/li>\n<\/ul>\n","protected":false},"excerpt":{"rendered":"<p>Sk\u00f3ra kozia Siatka poliestrowa Oddychaj\u0105ce Odporno\u015b\u0107 na \u015bcieranie Elastyczne<\/p>\n","protected":false},"featured_media":24484,"comment_status":"closed","ping_status":"open","template":"","meta":[],"product_brand":[964],"product_cat":[97,979,980],"product_tag":[],"class_list":{"0":"post-19697","1":"product","2":"type-product","3":"status-publish","4":"has-post-thumbnail","6":"product_brand-stalco-garden","7":"product_cat-rekawice","8":"product_cat-rekawice-skorzane","9":"product_cat-rekawice-skorzane-laczone","10":"pa_producent-stalco-garden","11":"pa_rozmiar-233","12":"pa_rozmiar-221","13":"pa_rozmiar-215","14":"pa_waga-0-065","15":"pa_waga-0-073","16":"pa_waga-0-079","18":"first","19":"instock","20":"shipping-taxable","21":"purchasable","22":"product-type-variable","23":"has-default-attributes"},"_links":{"self":[{"href":"https:\/\/asbhp.pl\/index.php?rest_route=\/wp\/v2\/product\/19697","targetHints":{"allow":["GET"]}}],"collection":[{"href":"https:\/\/asbhp.pl\/index.php?rest_route=\/wp\/v2\/product"}],"about":[{"href":"https:\/\/asbhp.pl\/index.php?rest_route=\/wp\/v2\/types\/product"}],"replies":[{"embeddable":true,"href":"https:\/\/asbhp.pl\/index.php?rest_route=%2Fwp%2Fv2%2Fcomments&post=19697"}],"wp:featuredmedia":[{"embeddable":true,"href":"https:\/\/asbhp.pl\/index.php?rest_route=\/wp\/v2\/media\/24484"}],"wp:attachment":[{"href":"https:\/\/asbhp.pl\/index.php?rest_route=%2Fwp%2Fv2%2Fmedia&parent=19697"}],"wp:term":[{"taxonomy":"product_brand","embeddable":true,"href":"https:\/\/asbhp.pl\/index.php?rest_route=%2Fwp%2Fv2%2Fproduct_brand&post=19697"},{"taxonomy":"product_cat","embeddable":true,"href":"https:\/\/asbhp.pl\/index.php?rest_route=%2Fwp%2Fv2%2Fproduct_cat&post=19697"},{"taxonomy":"product_tag","embeddable":true,"href":"https:\/\/asbhp.pl\/index.php?rest_route=%2Fwp%2Fv2%2Fproduct_tag&post=19697"}],"curies":[{"name":"wp","href":"https:\/\/api.w.org\/{rel}","templated":true}]}}