{"id":19782,"date":"2025-10-10T09:16:02","date_gmt":"2025-10-10T07:16:02","guid":{"rendered":"https:\/\/asbhp.pl\/produkt\/rekawice-syntetyczne-ocieplane-parker\/"},"modified":"2025-10-10T09:16:15","modified_gmt":"2025-10-10T07:16:15","slug":"8-18","status":"publish","type":"product","link":"https:\/\/asbhp.pl\/?product=8-18","title":{"rendered":"8"},"content":{"rendered":"<ul>\n<li>Pow\u0142oka poliuretanowa<\/li>\n<li>Wy\u015bci\u00f3\u0142ka polarowa<\/li>\n<li>Pewny chwyt<\/li>\n<li>Ochrona przed zimnem i wilgoci\u0105<\/li>\n<li>Materia\u0142 Hi-Vis<\/li>\n<\/ul>\n","protected":false},"excerpt":{"rendered":"<p>Pow\u0142oka poliuretanowa Wy\u015bci\u00f3\u0142ka polarowa Pewny chwyt Ochrona przed zimnem i wilgoci\u0105 Materia\u0142 Hi-Vis<\/p>\n","protected":false},"featured_media":24564,"comment_status":"closed","ping_status":"open","template":"","meta":[],"product_brand":[416],"product_cat":[97,990,992],"product_tag":[],"class_list":{"0":"post-19782","1":"product","2":"type-product","3":"status-publish","4":"has-post-thumbnail","6":"product_brand-stalco","7":"product_cat-rekawice","8":"product_cat-rekawice-syntetyczne","9":"product_cat-rekawice-syntetyczne-ocieplane","10":"pa_producent-stalco","11":"pa_rozmiar-216","12":"pa_rozmiar-218","13":"pa_rozmiar-215","14":"pa_rozmiar-219","15":"pa_waga-0-12","16":"pa_waga-0-13","17":"pa_waga-0-14","18":"pa_waga-0-15","20":"first","21":"instock","22":"shipping-taxable","23":"purchasable","24":"product-type-variable","25":"has-default-attributes"},"_links":{"self":[{"href":"https:\/\/asbhp.pl\/index.php?rest_route=\/wp\/v2\/product\/19782","targetHints":{"allow":["GET"]}}],"collection":[{"href":"https:\/\/asbhp.pl\/index.php?rest_route=\/wp\/v2\/product"}],"about":[{"href":"https:\/\/asbhp.pl\/index.php?rest_route=\/wp\/v2\/types\/product"}],"replies":[{"embeddable":true,"href":"https:\/\/asbhp.pl\/index.php?rest_route=%2Fwp%2Fv2%2Fcomments&post=19782"}],"wp:featuredmedia":[{"embeddable":true,"href":"https:\/\/asbhp.pl\/index.php?rest_route=\/wp\/v2\/media\/24564"}],"wp:attachment":[{"href":"https:\/\/asbhp.pl\/index.php?rest_route=%2Fwp%2Fv2%2Fmedia&parent=19782"}],"wp:term":[{"taxonomy":"product_brand","embeddable":true,"href":"https:\/\/asbhp.pl\/index.php?rest_route=%2Fwp%2Fv2%2Fproduct_brand&post=19782"},{"taxonomy":"product_cat","embeddable":true,"href":"https:\/\/asbhp.pl\/index.php?rest_route=%2Fwp%2Fv2%2Fproduct_cat&post=19782"},{"taxonomy":"product_tag","embeddable":true,"href":"https:\/\/asbhp.pl\/index.php?rest_route=%2Fwp%2Fv2%2Fproduct_tag&post=19782"}],"curies":[{"name":"wp","href":"https:\/\/api.w.org\/{rel}","templated":true}]}}