{"id":19802,"date":"2025-10-10T09:16:02","date_gmt":"2025-10-10T07:16:02","guid":{"rendered":"https:\/\/asbhp.pl\/produkt\/rekawice-syntetyczne-ocieplane-yeti\/"},"modified":"2025-10-10T09:16:15","modified_gmt":"2025-10-10T07:16:15","slug":"8-19","status":"publish","type":"product","link":"https:\/\/asbhp.pl\/?product=8-19","title":{"rendered":"8"},"content":{"rendered":"<ul>\n<li>Poliester<\/li>\n<li>Latex<\/li>\n<li>Mankiet na rzep<\/li>\n<li>Wy\u015bci\u00f3\u0142ka polarowa<\/li>\n<li>Ochrona przed zimnem i wilgoci<\/li>\n<\/ul>\n","protected":false},"excerpt":{"rendered":"<p>Poliester Latex Mankiet na rzep Wy\u015bci\u00f3\u0142ka polarowa Ochrona przed zimnem i wilgoci<\/p>\n","protected":false},"featured_media":24608,"comment_status":"closed","ping_status":"open","template":"","meta":[],"product_brand":[416],"product_cat":[97,990,992],"product_tag":[],"class_list":{"0":"post-19802","1":"product","2":"type-product","3":"status-publish","4":"has-post-thumbnail","6":"product_brand-stalco","7":"product_cat-rekawice","8":"product_cat-rekawice-syntetyczne","9":"product_cat-rekawice-syntetyczne-ocieplane","10":"pa_producent-stalco","11":"pa_rozmiar-216","12":"pa_rozmiar-218","13":"pa_rozmiar-215","14":"pa_rozmiar-219","15":"pa_waga-0-11","16":"pa_waga-0-115","17":"pa_waga-0-125","19":"first","20":"instock","21":"shipping-taxable","22":"purchasable","23":"product-type-variable","24":"has-default-attributes"},"_links":{"self":[{"href":"https:\/\/asbhp.pl\/index.php?rest_route=\/wp\/v2\/product\/19802","targetHints":{"allow":["GET"]}}],"collection":[{"href":"https:\/\/asbhp.pl\/index.php?rest_route=\/wp\/v2\/product"}],"about":[{"href":"https:\/\/asbhp.pl\/index.php?rest_route=\/wp\/v2\/types\/product"}],"replies":[{"embeddable":true,"href":"https:\/\/asbhp.pl\/index.php?rest_route=%2Fwp%2Fv2%2Fcomments&post=19802"}],"wp:featuredmedia":[{"embeddable":true,"href":"https:\/\/asbhp.pl\/index.php?rest_route=\/wp\/v2\/media\/24608"}],"wp:attachment":[{"href":"https:\/\/asbhp.pl\/index.php?rest_route=%2Fwp%2Fv2%2Fmedia&parent=19802"}],"wp:term":[{"taxonomy":"product_brand","embeddable":true,"href":"https:\/\/asbhp.pl\/index.php?rest_route=%2Fwp%2Fv2%2Fproduct_brand&post=19802"},{"taxonomy":"product_cat","embeddable":true,"href":"https:\/\/asbhp.pl\/index.php?rest_route=%2Fwp%2Fv2%2Fproduct_cat&post=19802"},{"taxonomy":"product_tag","embeddable":true,"href":"https:\/\/asbhp.pl\/index.php?rest_route=%2Fwp%2Fv2%2Fproduct_tag&post=19802"}],"curies":[{"name":"wp","href":"https:\/\/api.w.org\/{rel}","templated":true}]}}