{"id":19822,"date":"2025-10-10T09:16:02","date_gmt":"2025-10-10T07:16:02","guid":{"rendered":"https:\/\/asbhp.pl\/produkt\/helm-ochronny-przemyslowy-helius\/"},"modified":"2025-10-10T09:16:15","modified_gmt":"2025-10-10T07:16:15","slug":"zolty","status":"publish","type":"product","link":"https:\/\/asbhp.pl\/?product=zolty","title":{"rendered":"\u017b\u00f3\u0142ty"},"content":{"rendered":"<ul>\n<li>Helius<\/li>\n<li>4-punktowa wi\u0119\u017aba gwarantuj\u0105ca stabilne u\u0142o\u017cenie he\u0142mu nawet przy pochylonej sylwetce<\/li>\n<li>otwory wentylacyjne<\/li>\n<li>rynienka odprowadzaj\u0105ca wod\u0119<\/li>\n<li>przystosowany do u\u017cytkowania w temperaturze od -20\u00b0C do +50\u00b0C<\/li>\n<li>do zestawienia z paskiem podbr\u00f3dkowym Neck z linii STALCO<\/li>\n<\/ul>\n","protected":false},"excerpt":{"rendered":"<p>Helius 4-punktowa wi\u0119\u017aba gwarantuj\u0105ca stabilne u\u0142o\u017cenie he\u0142mu nawet przy pochylonej sylwetce otwory wentylacyjne rynienka odprowadzaj\u0105ca wod\u0119 przystosowany do u\u017cytkowania w temperaturze od -20\u00b0C do +50\u00b0C do zestawienia z paskiem podbr\u00f3dkowym Neck z linii STALCO<\/p>\n","protected":false},"featured_media":24572,"comment_status":"closed","ping_status":"open","template":"","meta":[],"product_brand":[416],"product_cat":[994,995,993],"product_tag":[],"class_list":{"0":"post-19822","1":"product","2":"type-product","3":"status-publish","4":"has-post-thumbnail","6":"product_brand-stalco","7":"product_cat-helmy-2","8":"product_cat-helmy-ochronne-przemyslowe","9":"product_cat-ochrona-glowy-i-twarzy","10":"pa_producent-stalco","11":"pa_waga-0-38","13":"first","14":"instock","15":"shipping-taxable","16":"purchasable","17":"product-type-variable","18":"has-default-attributes"},"_links":{"self":[{"href":"https:\/\/asbhp.pl\/index.php?rest_route=\/wp\/v2\/product\/19822","targetHints":{"allow":["GET"]}}],"collection":[{"href":"https:\/\/asbhp.pl\/index.php?rest_route=\/wp\/v2\/product"}],"about":[{"href":"https:\/\/asbhp.pl\/index.php?rest_route=\/wp\/v2\/types\/product"}],"replies":[{"embeddable":true,"href":"https:\/\/asbhp.pl\/index.php?rest_route=%2Fwp%2Fv2%2Fcomments&post=19822"}],"wp:featuredmedia":[{"embeddable":true,"href":"https:\/\/asbhp.pl\/index.php?rest_route=\/wp\/v2\/media\/24572"}],"wp:attachment":[{"href":"https:\/\/asbhp.pl\/index.php?rest_route=%2Fwp%2Fv2%2Fmedia&parent=19822"}],"wp:term":[{"taxonomy":"product_brand","embeddable":true,"href":"https:\/\/asbhp.pl\/index.php?rest_route=%2Fwp%2Fv2%2Fproduct_brand&post=19822"},{"taxonomy":"product_cat","embeddable":true,"href":"https:\/\/asbhp.pl\/index.php?rest_route=%2Fwp%2Fv2%2Fproduct_cat&post=19822"},{"taxonomy":"product_tag","embeddable":true,"href":"https:\/\/asbhp.pl\/index.php?rest_route=%2Fwp%2Fv2%2Fproduct_tag&post=19822"}],"curies":[{"name":"wp","href":"https:\/\/api.w.org\/{rel}","templated":true}]}}