{"id":19834,"date":"2025-10-10T09:02:54","date_gmt":"2025-10-10T07:02:54","guid":{"rendered":"https:\/\/asbhp.pl\/produkt\/pasek-podbrodkowy-neck\/"},"modified":"2025-10-10T09:03:12","modified_gmt":"2025-10-10T07:03:12","slug":"pasek-podbrodkowy-neck","status":"publish","type":"product","link":"https:\/\/asbhp.pl\/?product=pasek-podbrodkowy-neck","title":{"rendered":"Pasek podbr\u00f3dkowy NECK"},"content":{"rendered":"<ul>\n<li>Neck\n<li>regulacja d\u0142ugo\u015bci\n<li>wygodne zaczepy umo\u017cliwiaj\u0105ce szybkie odpi\u0119cie\n<li>przeznaczony do he\u0142mu ochronnego Helius z linii STALCO<\/ul>\n","protected":false},"excerpt":{"rendered":"<p>Neck regulacja d\u0142ugo\u015bci wygodne zaczepy umo\u017cliwiaj\u0105ce szybkie odpi\u0119cie przeznaczony do he\u0142mu ochronnego Helius z linii STALCO<\/p>\n","protected":false},"featured_media":19835,"comment_status":"closed","ping_status":"open","template":"","meta":[],"product_brand":[416],"product_cat":[997,993,998],"product_tag":[],"class_list":{"0":"post-19834","1":"product","2":"type-product","3":"status-publish","4":"has-post-thumbnail","6":"product_brand-stalco","7":"product_cat-akcesoria-ochrony-glowy-i-twarzy","8":"product_cat-ochrona-glowy-i-twarzy","9":"product_cat-paski-podbrodkowe","10":"pa_producent-stalco","11":"pa_waga-0-008","13":"first","14":"instock","15":"shipping-taxable","16":"purchasable","17":"product-type-simple"},"_links":{"self":[{"href":"https:\/\/asbhp.pl\/index.php?rest_route=\/wp\/v2\/product\/19834","targetHints":{"allow":["GET"]}}],"collection":[{"href":"https:\/\/asbhp.pl\/index.php?rest_route=\/wp\/v2\/product"}],"about":[{"href":"https:\/\/asbhp.pl\/index.php?rest_route=\/wp\/v2\/types\/product"}],"replies":[{"embeddable":true,"href":"https:\/\/asbhp.pl\/index.php?rest_route=%2Fwp%2Fv2%2Fcomments&post=19834"}],"wp:featuredmedia":[{"embeddable":true,"href":"https:\/\/asbhp.pl\/index.php?rest_route=\/wp\/v2\/media\/19835"}],"wp:attachment":[{"href":"https:\/\/asbhp.pl\/index.php?rest_route=%2Fwp%2Fv2%2Fmedia&parent=19834"}],"wp:term":[{"taxonomy":"product_brand","embeddable":true,"href":"https:\/\/asbhp.pl\/index.php?rest_route=%2Fwp%2Fv2%2Fproduct_brand&post=19834"},{"taxonomy":"product_cat","embeddable":true,"href":"https:\/\/asbhp.pl\/index.php?rest_route=%2Fwp%2Fv2%2Fproduct_cat&post=19834"},{"taxonomy":"product_tag","embeddable":true,"href":"https:\/\/asbhp.pl\/index.php?rest_route=%2Fwp%2Fv2%2Fproduct_tag&post=19834"}],"curies":[{"name":"wp","href":"https:\/\/api.w.org\/{rel}","templated":true}]}}