{"id":19871,"date":"2025-10-10T09:03:15","date_gmt":"2025-10-10T07:03:15","guid":{"rendered":"https:\/\/asbhp.pl\/produkt\/oslona-twarzy-spartan\/"},"modified":"2025-10-11T21:07:31","modified_gmt":"2025-10-11T19:07:31","slug":"oslona-twarzy-spartan","status":"publish","type":"product","link":"https:\/\/asbhp.pl\/?product=oslona-twarzy-spartan","title":{"rendered":"Os\u0142ona twarzy SPARTAN"},"content":{"rendered":"<ul>\n<li>Spartan\n<li>poliw\u0119glanowa szyba\n<li>opatentowany system regulacji obwodu g\u0142owy, g\u0142\u0119boko\u015bci osadzenia oraz odleg\u0142o\u015bci szyby wzgl\u0119dem twarzy\n<li>pierwsza klasa optyczna\n<li>odporno\u015b\u0107 na uderzenia o \u015bredniej energii<\/ul>\n","protected":false},"excerpt":{"rendered":"<p>Spartan poliw\u0119glanowa szyba opatentowany system regulacji obwodu g\u0142owy, g\u0142\u0119boko\u015bci osadzenia oraz odleg\u0142o\u015bci szyby wzgl\u0119dem twarzy pierwsza klasa optyczna odporno\u015b\u0107 na uderzenia o \u015bredniej energii<\/p>\n","protected":false},"featured_media":19872,"comment_status":"closed","ping_status":"open","template":"","meta":[],"product_brand":[416],"product_cat":[1003],"product_tag":[],"class_list":{"0":"post-19871","1":"product","2":"type-product","3":"status-publish","4":"has-post-thumbnail","6":"product_brand-stalco","7":"product_cat-oslony-twarzy","8":"pa_producent-stalco","9":"pa_waga-0-32","11":"first","12":"instock","13":"shipping-taxable","14":"purchasable","15":"product-type-simple"},"_links":{"self":[{"href":"https:\/\/asbhp.pl\/index.php?rest_route=\/wp\/v2\/product\/19871","targetHints":{"allow":["GET"]}}],"collection":[{"href":"https:\/\/asbhp.pl\/index.php?rest_route=\/wp\/v2\/product"}],"about":[{"href":"https:\/\/asbhp.pl\/index.php?rest_route=\/wp\/v2\/types\/product"}],"replies":[{"embeddable":true,"href":"https:\/\/asbhp.pl\/index.php?rest_route=%2Fwp%2Fv2%2Fcomments&post=19871"}],"wp:featuredmedia":[{"embeddable":true,"href":"https:\/\/asbhp.pl\/index.php?rest_route=\/wp\/v2\/media\/19872"}],"wp:attachment":[{"href":"https:\/\/asbhp.pl\/index.php?rest_route=%2Fwp%2Fv2%2Fmedia&parent=19871"}],"wp:term":[{"taxonomy":"product_brand","embeddable":true,"href":"https:\/\/asbhp.pl\/index.php?rest_route=%2Fwp%2Fv2%2Fproduct_brand&post=19871"},{"taxonomy":"product_cat","embeddable":true,"href":"https:\/\/asbhp.pl\/index.php?rest_route=%2Fwp%2Fv2%2Fproduct_cat&post=19871"},{"taxonomy":"product_tag","embeddable":true,"href":"https:\/\/asbhp.pl\/index.php?rest_route=%2Fwp%2Fv2%2Fproduct_tag&post=19871"}],"curies":[{"name":"wp","href":"https:\/\/api.w.org\/{rel}","templated":true}]}}