{"id":19885,"date":"2025-10-10T09:03:15","date_gmt":"2025-10-10T07:03:15","guid":{"rendered":"https:\/\/asbhp.pl\/produkt\/okulary-ochronne-grebe-light\/"},"modified":"2025-10-11T19:50:29","modified_gmt":"2025-10-11T17:50:29","slug":"okulary-ochronne-grebe-light","status":"publish","type":"product","link":"https:\/\/asbhp.pl\/?product=okulary-ochronne-grebe-light","title":{"rendered":"Okulary ochronne GREBE LIGHT"},"content":{"rendered":"<ul>\n<li>Grebe Light<\/li>\n<li>super lekkie<\/li>\n<li>bezbarwna soczewka z tworzywa sztucznego, zapewniaj\u0105 ochron\u0119 przed szybko poruszaj\u0105cymi si\u0119 cz\u0105steczkami o niskiej energii<\/li>\n<\/ul>\n","protected":false},"excerpt":{"rendered":"<p>Grebe Light super lekkie bezbarwna soczewka z tworzywa sztucznego, zapewniaj\u0105 ochron\u0119 przed szybko poruszaj\u0105cymi si\u0119 cz\u0105steczkami o niskiej energii<\/p>\n","protected":false},"featured_media":19886,"comment_status":"closed","ping_status":"open","template":"","meta":[],"product_brand":[416],"product_cat":[1005],"product_tag":[],"class_list":{"0":"post-19885","1":"product","2":"type-product","3":"status-publish","4":"has-post-thumbnail","6":"product_brand-stalco","7":"product_cat-okulary-ochronne-bezbarwne","8":"pa_producent-stalco","9":"pa_waga-0-04","11":"first","12":"instock","13":"shipping-taxable","14":"purchasable","15":"product-type-simple"},"_links":{"self":[{"href":"https:\/\/asbhp.pl\/index.php?rest_route=\/wp\/v2\/product\/19885","targetHints":{"allow":["GET"]}}],"collection":[{"href":"https:\/\/asbhp.pl\/index.php?rest_route=\/wp\/v2\/product"}],"about":[{"href":"https:\/\/asbhp.pl\/index.php?rest_route=\/wp\/v2\/types\/product"}],"replies":[{"embeddable":true,"href":"https:\/\/asbhp.pl\/index.php?rest_route=%2Fwp%2Fv2%2Fcomments&post=19885"}],"wp:featuredmedia":[{"embeddable":true,"href":"https:\/\/asbhp.pl\/index.php?rest_route=\/wp\/v2\/media\/19886"}],"wp:attachment":[{"href":"https:\/\/asbhp.pl\/index.php?rest_route=%2Fwp%2Fv2%2Fmedia&parent=19885"}],"wp:term":[{"taxonomy":"product_brand","embeddable":true,"href":"https:\/\/asbhp.pl\/index.php?rest_route=%2Fwp%2Fv2%2Fproduct_brand&post=19885"},{"taxonomy":"product_cat","embeddable":true,"href":"https:\/\/asbhp.pl\/index.php?rest_route=%2Fwp%2Fv2%2Fproduct_cat&post=19885"},{"taxonomy":"product_tag","embeddable":true,"href":"https:\/\/asbhp.pl\/index.php?rest_route=%2Fwp%2Fv2%2Fproduct_tag&post=19885"}],"curies":[{"name":"wp","href":"https:\/\/api.w.org\/{rel}","templated":true}]}}