{"id":19914,"date":"2025-10-10T09:03:15","date_gmt":"2025-10-10T07:03:15","guid":{"rendered":"https:\/\/asbhp.pl\/produkt\/pasek-podbrodkowy-4-punktowy-four\/"},"modified":"2025-10-10T09:03:20","modified_gmt":"2025-10-10T07:03:20","slug":"pasek-podbrodkowy-4-punktowy-four","status":"publish","type":"product","link":"https:\/\/asbhp.pl\/?product=pasek-podbrodkowy-4-punktowy-four","title":{"rendered":"Pasek podbr\u00f3dkowy 4-punktowy FOUR"},"content":{"rendered":"<ul>\n<li>Four\n<li>zapewnia stabiln\u0105 pozycj\u0119 he\u0142mu dzi\u0119ki 4 punktowemu mocowaniu\n<li>zapobiega zsuwaniu si\u0119 przy gwa\u0142townych ruchach<\/ul>\n","protected":false},"excerpt":{"rendered":"<p>Four zapewnia stabiln\u0105 pozycj\u0119 he\u0142mu dzi\u0119ki 4 punktowemu mocowaniu zapobiega zsuwaniu si\u0119 przy gwa\u0142townych ruchach<\/p>\n","protected":false},"featured_media":19915,"comment_status":"closed","ping_status":"open","template":"","meta":[],"product_brand":[483],"product_cat":[997,993,998],"product_tag":[],"class_list":{"0":"post-19914","1":"product","2":"type-product","3":"status-publish","4":"has-post-thumbnail","6":"product_brand-stalco-perfect","7":"product_cat-akcesoria-ochrony-glowy-i-twarzy","8":"product_cat-ochrona-glowy-i-twarzy","9":"product_cat-paski-podbrodkowe","10":"pa_producent-stalco-perfect","11":"pa_waga-0-026","13":"first","14":"instock","15":"shipping-taxable","16":"purchasable","17":"product-type-simple"},"_links":{"self":[{"href":"https:\/\/asbhp.pl\/index.php?rest_route=\/wp\/v2\/product\/19914","targetHints":{"allow":["GET"]}}],"collection":[{"href":"https:\/\/asbhp.pl\/index.php?rest_route=\/wp\/v2\/product"}],"about":[{"href":"https:\/\/asbhp.pl\/index.php?rest_route=\/wp\/v2\/types\/product"}],"replies":[{"embeddable":true,"href":"https:\/\/asbhp.pl\/index.php?rest_route=%2Fwp%2Fv2%2Fcomments&post=19914"}],"wp:featuredmedia":[{"embeddable":true,"href":"https:\/\/asbhp.pl\/index.php?rest_route=\/wp\/v2\/media\/19915"}],"wp:attachment":[{"href":"https:\/\/asbhp.pl\/index.php?rest_route=%2Fwp%2Fv2%2Fmedia&parent=19914"}],"wp:term":[{"taxonomy":"product_brand","embeddable":true,"href":"https:\/\/asbhp.pl\/index.php?rest_route=%2Fwp%2Fv2%2Fproduct_brand&post=19914"},{"taxonomy":"product_cat","embeddable":true,"href":"https:\/\/asbhp.pl\/index.php?rest_route=%2Fwp%2Fv2%2Fproduct_cat&post=19914"},{"taxonomy":"product_tag","embeddable":true,"href":"https:\/\/asbhp.pl\/index.php?rest_route=%2Fwp%2Fv2%2Fproduct_tag&post=19914"}],"curies":[{"name":"wp","href":"https:\/\/api.w.org\/{rel}","templated":true}]}}