{"id":19922,"date":"2025-10-10T09:03:15","date_gmt":"2025-10-10T07:03:15","guid":{"rendered":"https:\/\/asbhp.pl\/produkt\/okulary-ochronne-jogger\/"},"modified":"2025-10-11T20:58:50","modified_gmt":"2025-10-11T18:58:50","slug":"okulary-ochronne-jogger","status":"publish","type":"product","link":"https:\/\/asbhp.pl\/?product=okulary-ochronne-jogger","title":{"rendered":"Okulary ochronne JOGGER"},"content":{"rendered":"<ul>\n<li>Jogger<\/li>\n<li>przyciemniane soczewki z pow\u0142ok\u0105 REWO zapewniaj\u0105 doskonal\u0105 widoczno\u015b\u0107<\/li>\n<li>klasa optyczna 1<\/li>\n<li>poziom ochrony F<\/li>\n<li>filtr UV<\/li>\n<li>wytrzyma\u0142e, elastyczne zauszniki<\/li>\n<li>nosek z elastyczne mi\u0119kkiej gumy<\/li>\n<li>woreczek do przechowywania<\/li>\n<\/ul>\n","protected":false},"excerpt":{"rendered":"<p>Jogger przyciemniane soczewki z pow\u0142ok\u0105 REWO zapewniaj\u0105 doskonal\u0105 widoczno\u015b\u0107 klasa optyczna 1 poziom ochrony F filtr UV wytrzyma\u0142e, elastyczne zauszniki nosek z elastyczne mi\u0119kkiej gumy woreczek do przechowywania<\/p>\n","protected":false},"featured_media":19923,"comment_status":"closed","ping_status":"open","template":"","meta":[],"product_brand":[483],"product_cat":[73,90],"product_tag":[],"class_list":{"0":"post-19922","1":"product","2":"type-product","3":"status-publish","4":"has-post-thumbnail","6":"product_brand-stalco-perfect","7":"product_cat-ochrona-wzroku","8":"product_cat-okulary-ochronne","9":"pa_producent-stalco-perfect","10":"pa_waga-0-058","12":"first","13":"instock","14":"shipping-taxable","15":"purchasable","16":"product-type-simple"},"_links":{"self":[{"href":"https:\/\/asbhp.pl\/index.php?rest_route=\/wp\/v2\/product\/19922","targetHints":{"allow":["GET"]}}],"collection":[{"href":"https:\/\/asbhp.pl\/index.php?rest_route=\/wp\/v2\/product"}],"about":[{"href":"https:\/\/asbhp.pl\/index.php?rest_route=\/wp\/v2\/types\/product"}],"replies":[{"embeddable":true,"href":"https:\/\/asbhp.pl\/index.php?rest_route=%2Fwp%2Fv2%2Fcomments&post=19922"}],"wp:featuredmedia":[{"embeddable":true,"href":"https:\/\/asbhp.pl\/index.php?rest_route=\/wp\/v2\/media\/19923"}],"wp:attachment":[{"href":"https:\/\/asbhp.pl\/index.php?rest_route=%2Fwp%2Fv2%2Fmedia&parent=19922"}],"wp:term":[{"taxonomy":"product_brand","embeddable":true,"href":"https:\/\/asbhp.pl\/index.php?rest_route=%2Fwp%2Fv2%2Fproduct_brand&post=19922"},{"taxonomy":"product_cat","embeddable":true,"href":"https:\/\/asbhp.pl\/index.php?rest_route=%2Fwp%2Fv2%2Fproduct_cat&post=19922"},{"taxonomy":"product_tag","embeddable":true,"href":"https:\/\/asbhp.pl\/index.php?rest_route=%2Fwp%2Fv2%2Fproduct_tag&post=19922"}],"curies":[{"name":"wp","href":"https:\/\/api.w.org\/{rel}","templated":true}]}}