{"id":19929,"date":"2025-10-10T09:03:15","date_gmt":"2025-10-10T07:03:15","guid":{"rendered":"https:\/\/asbhp.pl\/produkt\/tarcza-spawalnicza-loft\/"},"modified":"2025-10-11T21:07:31","modified_gmt":"2025-10-11T19:07:31","slug":"tarcza-spawalnicza-loft","status":"publish","type":"product","link":"https:\/\/asbhp.pl\/?product=tarcza-spawalnicza-loft","title":{"rendered":"Tarcza spawalnicza LOFT"},"content":{"rendered":"<ul>\n<li>Loft\n<li>preszpan z domieszk\u0105 lateksu przed\u0142u\u017ca trwa\u0142o\u015b\u0107 tarczy oraz nadaje zwi\u0119kszon\u0105 odporno\u015b\u0107 na czynniki atmosferyczne\n<li>specjalne profilowanie korpusu dla lepszej ochrony oczu i ca\u0142ej g\u0142owy\n<li>doskona\u0142e wywa\u017cenie wp\u0142ywa korzystnie na ergonomi\u0119 pracy spawacza<\/ul>\n","protected":false},"excerpt":{"rendered":"<p>Loft preszpan z domieszk\u0105 lateksu przed\u0142u\u017ca trwa\u0142o\u015b\u0107 tarczy oraz nadaje zwi\u0119kszon\u0105 odporno\u015b\u0107 na czynniki atmosferyczne specjalne profilowanie korpusu dla lepszej ochrony oczu i ca\u0142ej g\u0142owy doskona\u0142e wywa\u017cenie wp\u0142ywa korzystnie na ergonomi\u0119 pracy spawacza<\/p>\n","protected":false},"featured_media":19930,"comment_status":"closed","ping_status":"open","template":"","meta":[],"product_brand":[416],"product_cat":[1003],"product_tag":[],"class_list":{"0":"post-19929","1":"product","2":"type-product","3":"status-publish","4":"has-post-thumbnail","6":"product_brand-stalco","7":"product_cat-oslony-twarzy","8":"pa_producent-stalco","9":"pa_waga-0-51","11":"first","12":"instock","13":"shipping-taxable","14":"purchasable","15":"product-type-simple"},"_links":{"self":[{"href":"https:\/\/asbhp.pl\/index.php?rest_route=\/wp\/v2\/product\/19929","targetHints":{"allow":["GET"]}}],"collection":[{"href":"https:\/\/asbhp.pl\/index.php?rest_route=\/wp\/v2\/product"}],"about":[{"href":"https:\/\/asbhp.pl\/index.php?rest_route=\/wp\/v2\/types\/product"}],"replies":[{"embeddable":true,"href":"https:\/\/asbhp.pl\/index.php?rest_route=%2Fwp%2Fv2%2Fcomments&post=19929"}],"wp:featuredmedia":[{"embeddable":true,"href":"https:\/\/asbhp.pl\/index.php?rest_route=\/wp\/v2\/media\/19930"}],"wp:attachment":[{"href":"https:\/\/asbhp.pl\/index.php?rest_route=%2Fwp%2Fv2%2Fmedia&parent=19929"}],"wp:term":[{"taxonomy":"product_brand","embeddable":true,"href":"https:\/\/asbhp.pl\/index.php?rest_route=%2Fwp%2Fv2%2Fproduct_brand&post=19929"},{"taxonomy":"product_cat","embeddable":true,"href":"https:\/\/asbhp.pl\/index.php?rest_route=%2Fwp%2Fv2%2Fproduct_cat&post=19929"},{"taxonomy":"product_tag","embeddable":true,"href":"https:\/\/asbhp.pl\/index.php?rest_route=%2Fwp%2Fv2%2Fproduct_tag&post=19929"}],"curies":[{"name":"wp","href":"https:\/\/api.w.org\/{rel}","templated":true}]}}