{"id":19936,"date":"2025-10-10T09:03:15","date_gmt":"2025-10-10T07:03:15","guid":{"rendered":"https:\/\/asbhp.pl\/produkt\/nauszniki-przeciwhalasowe-veron\/"},"modified":"2025-10-10T09:03:22","modified_gmt":"2025-10-10T07:03:22","slug":"nauszniki-przeciwhalasowe-veron","status":"publish","type":"product","link":"https:\/\/asbhp.pl\/?product=nauszniki-przeciwhalasowe-veron","title":{"rendered":"Nauszniki przeciwha\u0142asowe VERON"},"content":{"rendered":"<ul>\n<li>Veron\n<li>du\u017ce, wygodne czasze z mi\u0119kkimi poduszkami\n<li>dodatkowy ochraniacz na pa\u0142\u0105ku \u0142\u0105cz\u0105cym czasze\n<li>mo\u017cliwo\u015b\u0107 regulacji rozmiaru\n<li>wyg\u0142uszenie SNR: 27,5 dB\n<li>idealne do ochrony w trakcie prac o \u015brednim poziomie nat\u0119\u017cenia ha\u0142asu<\/ul>\n","protected":false},"excerpt":{"rendered":"<p>Veron du\u017ce, wygodne czasze z mi\u0119kkimi poduszkami dodatkowy ochraniacz na pa\u0142\u0105ku \u0142\u0105cz\u0105cym czasze mo\u017cliwo\u015b\u0107 regulacji rozmiaru wyg\u0142uszenie SNR: 27,5 dB idealne do ochrony w trakcie prac o \u015brednim poziomie nat\u0119\u017cenia ha\u0142asu<\/p>\n","protected":false},"featured_media":19937,"comment_status":"closed","ping_status":"open","template":"","meta":[],"product_brand":[416],"product_cat":[1017,1018,1016],"product_tag":[],"class_list":{"0":"post-19936","1":"product","2":"type-product","3":"status-publish","4":"has-post-thumbnail","6":"product_brand-stalco","7":"product_cat-nauszniki-przeciwhalasowe","8":"product_cat-nauszniki-przeciwhalasowe-na-palaku","9":"product_cat-ochrona-sluchu","10":"pa_producent-stalco","11":"pa_waga-0-11","13":"first","14":"instock","15":"shipping-taxable","16":"purchasable","17":"product-type-simple"},"_links":{"self":[{"href":"https:\/\/asbhp.pl\/index.php?rest_route=\/wp\/v2\/product\/19936","targetHints":{"allow":["GET"]}}],"collection":[{"href":"https:\/\/asbhp.pl\/index.php?rest_route=\/wp\/v2\/product"}],"about":[{"href":"https:\/\/asbhp.pl\/index.php?rest_route=\/wp\/v2\/types\/product"}],"replies":[{"embeddable":true,"href":"https:\/\/asbhp.pl\/index.php?rest_route=%2Fwp%2Fv2%2Fcomments&post=19936"}],"wp:featuredmedia":[{"embeddable":true,"href":"https:\/\/asbhp.pl\/index.php?rest_route=\/wp\/v2\/media\/19937"}],"wp:attachment":[{"href":"https:\/\/asbhp.pl\/index.php?rest_route=%2Fwp%2Fv2%2Fmedia&parent=19936"}],"wp:term":[{"taxonomy":"product_brand","embeddable":true,"href":"https:\/\/asbhp.pl\/index.php?rest_route=%2Fwp%2Fv2%2Fproduct_brand&post=19936"},{"taxonomy":"product_cat","embeddable":true,"href":"https:\/\/asbhp.pl\/index.php?rest_route=%2Fwp%2Fv2%2Fproduct_cat&post=19936"},{"taxonomy":"product_tag","embeddable":true,"href":"https:\/\/asbhp.pl\/index.php?rest_route=%2Fwp%2Fv2%2Fproduct_tag&post=19936"}],"curies":[{"name":"wp","href":"https:\/\/api.w.org\/{rel}","templated":true}]}}