{"id":19939,"date":"2025-10-10T09:03:15","date_gmt":"2025-10-10T07:03:15","guid":{"rendered":"https:\/\/asbhp.pl\/produkt\/nauszniki-przeciwhalasowe-nellore\/"},"modified":"2025-10-10T09:03:23","modified_gmt":"2025-10-10T07:03:23","slug":"nauszniki-przeciwhalasowe-nellore","status":"publish","type":"product","link":"https:\/\/asbhp.pl\/?product=nauszniki-przeciwhalasowe-nellore","title":{"rendered":"Nauszniki przeciwha\u0142asowe NELLORE"},"content":{"rendered":"<ul>\n<li>Nellore<\/li>\n<li>nauszniki przeciwha\u0142asowe, wyt\u0142umiaj\u0105 d\u017awi\u0119ki w celu ochrony przed \u015brednim lub wysokim poziomem nat\u0119\u017cenia ha\u0142asu<\/li>\n<li>wyg\u0142uszenie SNR: 32,1 dB<\/li>\n<li>imitacja sk\u00f3ry<\/li>\n<li>posiada sk\u0142adany, regulowany pa\u0142\u0105k<\/li>\n<li>model kieszonkowy<\/li>\n<\/ul>\n","protected":false},"excerpt":{"rendered":"<p>Nellore nauszniki przeciwha\u0142asowe, wyt\u0142umiaj\u0105 d\u017awi\u0119ki w celu ochrony przed \u015brednim lub wysokim poziomem nat\u0119\u017cenia ha\u0142asu wyg\u0142uszenie SNR: 32,1 dB imitacja sk\u00f3ry posiada sk\u0142adany, regulowany pa\u0142\u0105k model kieszonkowy<\/p>\n","protected":false},"featured_media":19940,"comment_status":"closed","ping_status":"open","template":"","meta":[],"product_brand":[416],"product_cat":[1017,1018,1016],"product_tag":[],"class_list":{"0":"post-19939","1":"product","2":"type-product","3":"status-publish","4":"has-post-thumbnail","6":"product_brand-stalco","7":"product_cat-nauszniki-przeciwhalasowe","8":"product_cat-nauszniki-przeciwhalasowe-na-palaku","9":"product_cat-ochrona-sluchu","10":"pa_producent-stalco","11":"pa_waga-0-3","13":"first","14":"instock","15":"shipping-taxable","16":"purchasable","17":"product-type-simple"},"_links":{"self":[{"href":"https:\/\/asbhp.pl\/index.php?rest_route=\/wp\/v2\/product\/19939","targetHints":{"allow":["GET"]}}],"collection":[{"href":"https:\/\/asbhp.pl\/index.php?rest_route=\/wp\/v2\/product"}],"about":[{"href":"https:\/\/asbhp.pl\/index.php?rest_route=\/wp\/v2\/types\/product"}],"replies":[{"embeddable":true,"href":"https:\/\/asbhp.pl\/index.php?rest_route=%2Fwp%2Fv2%2Fcomments&post=19939"}],"wp:featuredmedia":[{"embeddable":true,"href":"https:\/\/asbhp.pl\/index.php?rest_route=\/wp\/v2\/media\/19940"}],"wp:attachment":[{"href":"https:\/\/asbhp.pl\/index.php?rest_route=%2Fwp%2Fv2%2Fmedia&parent=19939"}],"wp:term":[{"taxonomy":"product_brand","embeddable":true,"href":"https:\/\/asbhp.pl\/index.php?rest_route=%2Fwp%2Fv2%2Fproduct_brand&post=19939"},{"taxonomy":"product_cat","embeddable":true,"href":"https:\/\/asbhp.pl\/index.php?rest_route=%2Fwp%2Fv2%2Fproduct_cat&post=19939"},{"taxonomy":"product_tag","embeddable":true,"href":"https:\/\/asbhp.pl\/index.php?rest_route=%2Fwp%2Fv2%2Fproduct_tag&post=19939"}],"curies":[{"name":"wp","href":"https:\/\/api.w.org\/{rel}","templated":true}]}}