{"id":19946,"date":"2025-10-10T09:03:15","date_gmt":"2025-10-10T07:03:15","guid":{"rendered":"https:\/\/asbhp.pl\/produkt\/nauszniki-przeciwhalasowe-shark\/"},"modified":"2025-10-10T09:03:23","modified_gmt":"2025-10-10T07:03:23","slug":"nauszniki-przeciwhalasowe-shark","status":"publish","type":"product","link":"https:\/\/asbhp.pl\/?product=nauszniki-przeciwhalasowe-shark","title":{"rendered":"Nauszniki przeciwha\u0142asowe SHARK"},"content":{"rendered":"<ul>\n<li>Shark<\/li>\n<li>dielektryczna konstrukcja umo\u017cliwia stosowanie praktycznie w ka\u017cdym \u015brodowisku pracy<\/li>\n<li>r\u00f3wnomierny nacisk pa\u0142\u0105ka zapewnia jednakowy komfort dla wszystkich rozmiar\u00f3w g\u0142owy<\/li>\n<li>wentylowana w \u015brodku poduszka u\u0142atwia wymian\u0119 powietrza co jest szczeg\u00f3lnie przydatne w ciep\u0142ym i wilgotnym klimacie<\/li>\n<li>nieodkszta\u0142cony pa\u0142\u0105k odporny na deformacje podczas u\u017cytkowania<\/li>\n<li>system szybkiej regulacji wysoko\u015bci Quick-Click pozostaje zablokowany podczas u\u017cytkowania<\/li>\n<li>wsuwane poduszki t\u0142umi\u0105ce umo\u017cliwiaj\u0105ce ich szybk\u0105 wymian\u0119 i \u0142atw\u0105 konserwacj\u0119<\/li>\n<li>poziomy t\u0142umienia ha\u0142asu: SNR=34dB, H=3dB, M=31dB, L=25dB<\/li>\n<li>nie izoluj\u0105 pracownika od otoczenia co poprawia og\u00f3lne bezpiecze\u0144stwo<\/li>\n<\/ul>\n","protected":false},"excerpt":{"rendered":"<p>Shark dielektryczna konstrukcja umo\u017cliwia stosowanie praktycznie w ka\u017cdym \u015brodowisku pracy r\u00f3wnomierny nacisk pa\u0142\u0105ka zapewnia jednakowy komfort dla wszystkich rozmiar\u00f3w g\u0142owy wentylowana w \u015brodku poduszka u\u0142atwia wymian\u0119 powietrza co jest szczeg\u00f3lnie przydatne w ciep\u0142ym i wilgotnym klimacie nieodkszta\u0142cony pa\u0142\u0105k odporny na deformacje podczas u\u017cytkowania system szybkiej regulacji wysoko\u015bci Quick-Click pozostaje zablokowany podczas u\u017cytkowania wsuwane poduszki t\u0142umi\u0105ce [&hellip;]<\/p>\n","protected":false},"featured_media":19947,"comment_status":"closed","ping_status":"open","template":"","meta":[],"product_brand":[483],"product_cat":[1017,1018,1016],"product_tag":[],"class_list":{"0":"post-19946","1":"product","2":"type-product","3":"status-publish","4":"has-post-thumbnail","6":"product_brand-stalco-perfect","7":"product_cat-nauszniki-przeciwhalasowe","8":"product_cat-nauszniki-przeciwhalasowe-na-palaku","9":"product_cat-ochrona-sluchu","10":"pa_producent-stalco-perfect","11":"pa_waga-0-435","13":"first","14":"instock","15":"shipping-taxable","16":"purchasable","17":"product-type-simple"},"_links":{"self":[{"href":"https:\/\/asbhp.pl\/index.php?rest_route=\/wp\/v2\/product\/19946","targetHints":{"allow":["GET"]}}],"collection":[{"href":"https:\/\/asbhp.pl\/index.php?rest_route=\/wp\/v2\/product"}],"about":[{"href":"https:\/\/asbhp.pl\/index.php?rest_route=\/wp\/v2\/types\/product"}],"replies":[{"embeddable":true,"href":"https:\/\/asbhp.pl\/index.php?rest_route=%2Fwp%2Fv2%2Fcomments&post=19946"}],"wp:featuredmedia":[{"embeddable":true,"href":"https:\/\/asbhp.pl\/index.php?rest_route=\/wp\/v2\/media\/19947"}],"wp:attachment":[{"href":"https:\/\/asbhp.pl\/index.php?rest_route=%2Fwp%2Fv2%2Fmedia&parent=19946"}],"wp:term":[{"taxonomy":"product_brand","embeddable":true,"href":"https:\/\/asbhp.pl\/index.php?rest_route=%2Fwp%2Fv2%2Fproduct_brand&post=19946"},{"taxonomy":"product_cat","embeddable":true,"href":"https:\/\/asbhp.pl\/index.php?rest_route=%2Fwp%2Fv2%2Fproduct_cat&post=19946"},{"taxonomy":"product_tag","embeddable":true,"href":"https:\/\/asbhp.pl\/index.php?rest_route=%2Fwp%2Fv2%2Fproduct_tag&post=19946"}],"curies":[{"name":"wp","href":"https:\/\/api.w.org\/{rel}","templated":true}]}}