{"id":19948,"date":"2025-10-10T09:03:15","date_gmt":"2025-10-10T07:03:15","guid":{"rendered":"https:\/\/asbhp.pl\/produkt\/nauszniki-przeciwhalasowe-shark-h\/"},"modified":"2025-10-10T09:03:24","modified_gmt":"2025-10-10T07:03:24","slug":"nauszniki-przeciwhalasowe-shark-h","status":"publish","type":"product","link":"https:\/\/asbhp.pl\/?product=nauszniki-przeciwhalasowe-shark-h","title":{"rendered":"Nauszniki przeciwha\u0142asowe SHARK H"},"content":{"rendered":"<ul>\n<li>Nauszniki przeciwha\u0142asowe SHARK H STALCO PERFECT S-78442<\/li>\n<li>bardzo skuteczne nauszniki SHARK H zapewniaj\u0105 najlepsz\u0105 ochron\u0119 w ka\u017cdym, ha\u0142a\u015bliwym otoczeniu (strzelectwo, polowania, prace r\u0119czne, ogrodnictwo, nauka, pr\u00f3by muzyczne itp.)<\/li>\n<li>produkt znajdzie zastosowanie w przemy\u015ble ci\u0119\u017ckim, przemy\u015ble wydobywczym, budownictwie oraz podczas prac<\/li>\n<li>serwisowych<\/li>\n<li>wysokie t\u0142umienie d\u017awi\u0119ku &#8211; 34 dB<\/li>\n<li>wysoko elastyczny i wytrzyma\u0142y pa\u0142\u0105k<\/li>\n<li>odblaskowy pasek bezpiecze\u0144stwa<\/li>\n<li>wygodne i lekkie<\/li>\n<li>mi\u0119kkie poduszki nausznik\u00f3w<\/li>\n<li>nie zawieraj\u0105 metalu<\/li>\n<\/ul>\n","protected":false},"excerpt":{"rendered":"<p>Nauszniki przeciwha\u0142asowe SHARK H STALCO PERFECT S-78442 bardzo skuteczne nauszniki SHARK H zapewniaj\u0105 najlepsz\u0105 ochron\u0119 w ka\u017cdym, ha\u0142a\u015bliwym otoczeniu (strzelectwo, polowania, prace r\u0119czne, ogrodnictwo, nauka, pr\u00f3by muzyczne itp.) produkt znajdzie zastosowanie w przemy\u015ble ci\u0119\u017ckim, przemy\u015ble wydobywczym, budownictwie oraz podczas prac serwisowych wysokie t\u0142umienie d\u017awi\u0119ku &#8211; 34 dB wysoko elastyczny i wytrzyma\u0142y pa\u0142\u0105k odblaskowy pasek bezpiecze\u0144stwa [&hellip;]<\/p>\n","protected":false},"featured_media":19949,"comment_status":"closed","ping_status":"open","template":"","meta":[],"product_brand":[483],"product_cat":[1017,1022,1016],"product_tag":[],"class_list":{"0":"post-19948","1":"product","2":"type-product","3":"status-publish","4":"has-post-thumbnail","6":"product_brand-stalco-perfect","7":"product_cat-nauszniki-przeciwhalasowe","8":"product_cat-nauszniki-przeciwhalasowe-skladane","9":"product_cat-ochrona-sluchu","10":"pa_producent-stalco-perfect","11":"pa_waga-0-435","13":"first","14":"instock","15":"shipping-taxable","16":"purchasable","17":"product-type-simple"},"_links":{"self":[{"href":"https:\/\/asbhp.pl\/index.php?rest_route=\/wp\/v2\/product\/19948","targetHints":{"allow":["GET"]}}],"collection":[{"href":"https:\/\/asbhp.pl\/index.php?rest_route=\/wp\/v2\/product"}],"about":[{"href":"https:\/\/asbhp.pl\/index.php?rest_route=\/wp\/v2\/types\/product"}],"replies":[{"embeddable":true,"href":"https:\/\/asbhp.pl\/index.php?rest_route=%2Fwp%2Fv2%2Fcomments&post=19948"}],"wp:featuredmedia":[{"embeddable":true,"href":"https:\/\/asbhp.pl\/index.php?rest_route=\/wp\/v2\/media\/19949"}],"wp:attachment":[{"href":"https:\/\/asbhp.pl\/index.php?rest_route=%2Fwp%2Fv2%2Fmedia&parent=19948"}],"wp:term":[{"taxonomy":"product_brand","embeddable":true,"href":"https:\/\/asbhp.pl\/index.php?rest_route=%2Fwp%2Fv2%2Fproduct_brand&post=19948"},{"taxonomy":"product_cat","embeddable":true,"href":"https:\/\/asbhp.pl\/index.php?rest_route=%2Fwp%2Fv2%2Fproduct_cat&post=19948"},{"taxonomy":"product_tag","embeddable":true,"href":"https:\/\/asbhp.pl\/index.php?rest_route=%2Fwp%2Fv2%2Fproduct_tag&post=19948"}],"curies":[{"name":"wp","href":"https:\/\/api.w.org\/{rel}","templated":true}]}}