{"id":19962,"date":"2025-10-10T09:04:23","date_gmt":"2025-10-10T07:04:23","guid":{"rendered":"https:\/\/asbhp.pl\/produkt\/spodnie-robocze-painter\/"},"modified":"2025-10-10T09:04:32","modified_gmt":"2025-10-10T07:04:32","slug":"s-bialy-3","status":"publish","type":"product","link":"https:\/\/asbhp.pl\/?product=s-bialy-3","title":{"rendered":"S Bia\u0142y"},"content":{"rendered":"<ul>\n<li>elastyczny materia\u0142 o w\u0142a\u015bciwo\u015bciach softshellu<\/li>\n<li>ciekawy nadruk, zaprojektowany specjalnie dla STALCO<\/li>\n<li>wysoka jako\u015b\u0107 odszycia<\/li>\n<li>potr\u00f3jne szwy wzmocnione ryglami<\/li>\n<li>4-kierunkowy stretch<\/li>\n<li>nogawki do\u0142em zako\u0144czone gumk\u0105 ze stoperem<\/li>\n<li>wentylacja &#8211; zamki z ty\u0142u z siateczk\u0105<\/li>\n<li>kieszenie na kolanach na wk\u0142adki piankowe<\/li>\n<li>9 kieszeni w tym zapinane na zamki 2 w pasie i 1 na lewej nodze<\/li>\n<li>odblaski<\/li>\n<li>gumka w pasie<\/li>\n<li>CE Kategoria I<\/li>\n<li>EN ISO 13688138<\/li>\n<\/ul>\n","protected":false},"excerpt":{"rendered":"<p>elastyczny materia\u0142 o w\u0142a\u015bciwo\u015bciach softshellu ciekawy nadruk, zaprojektowany specjalnie dla STALCO wysoka jako\u015b\u0107 odszycia potr\u00f3jne szwy wzmocnione ryglami 4-kierunkowy stretch nogawki do\u0142em zako\u0144czone gumk\u0105 ze stoperem wentylacja &#8211; zamki z ty\u0142u z siateczk\u0105 kieszenie na kolanach na wk\u0142adki piankowe 9 kieszeni w tym zapinane na zamki 2 w pasie i 1 na lewej nodze odblaski [&hellip;]<\/p>\n","protected":false},"featured_media":20471,"comment_status":"closed","ping_status":"open","template":"","meta":[],"product_brand":[416],"product_cat":[440,442],"product_tag":[],"class_list":{"0":"post-19962","1":"product","2":"type-product","3":"status-publish","4":"has-post-thumbnail","6":"product_brand-stalco","7":"product_cat-odziez-robocza","8":"product_cat-spodnie-robocze","9":"pa_kolor-bialy","10":"pa_producent-stalco","11":"pa_rozmiar-2xl","12":"pa_rozmiar-3xl","13":"pa_rozmiar-4xl","14":"pa_rozmiar-l","15":"pa_rozmiar-m","16":"pa_rozmiar-s","17":"pa_rozmiar-xl","18":"pa_waga-0-68","19":"pa_waga-0-7","20":"pa_waga-0-73","21":"pa_waga-0-74","22":"pa_waga-0-76","24":"first","25":"instock","26":"shipping-taxable","27":"purchasable","28":"product-type-variable","29":"has-default-attributes"},"_links":{"self":[{"href":"https:\/\/asbhp.pl\/index.php?rest_route=\/wp\/v2\/product\/19962","targetHints":{"allow":["GET"]}}],"collection":[{"href":"https:\/\/asbhp.pl\/index.php?rest_route=\/wp\/v2\/product"}],"about":[{"href":"https:\/\/asbhp.pl\/index.php?rest_route=\/wp\/v2\/types\/product"}],"replies":[{"embeddable":true,"href":"https:\/\/asbhp.pl\/index.php?rest_route=%2Fwp%2Fv2%2Fcomments&post=19962"}],"wp:featuredmedia":[{"embeddable":true,"href":"https:\/\/asbhp.pl\/index.php?rest_route=\/wp\/v2\/media\/20471"}],"wp:attachment":[{"href":"https:\/\/asbhp.pl\/index.php?rest_route=%2Fwp%2Fv2%2Fmedia&parent=19962"}],"wp:term":[{"taxonomy":"product_brand","embeddable":true,"href":"https:\/\/asbhp.pl\/index.php?rest_route=%2Fwp%2Fv2%2Fproduct_brand&post=19962"},{"taxonomy":"product_cat","embeddable":true,"href":"https:\/\/asbhp.pl\/index.php?rest_route=%2Fwp%2Fv2%2Fproduct_cat&post=19962"},{"taxonomy":"product_tag","embeddable":true,"href":"https:\/\/asbhp.pl\/index.php?rest_route=%2Fwp%2Fv2%2Fproduct_tag&post=19962"}],"curies":[{"name":"wp","href":"https:\/\/api.w.org\/{rel}","templated":true}]}}