{"id":20005,"date":"2025-10-10T09:04:46","date_gmt":"2025-10-10T07:04:46","guid":{"rendered":"https:\/\/asbhp.pl\/produkt\/spodnie-robocze-szorty-stinger\/"},"modified":"2025-10-10T09:04:56","modified_gmt":"2025-10-10T07:04:56","slug":"s-szary-10","status":"publish","type":"product","link":"https:\/\/asbhp.pl\/?product=s-szary-10","title":{"rendered":"S Szary"},"content":{"rendered":"<ul>\n<li>elastyczny materia\u0142 o w\u0142a\u015bciwo\u015bciach softshellu<\/li>\n<li>wysoka jako\u015b\u0107 odszycia<o_p><\/o_p><\/li>\n<li>potr\u00f3jne szwy wzmocnione ryglami<o_p><\/o_p><\/li>\n<li>4-kierunkowy stretch<o_p><\/o_p><\/li>\n<li>7 kieszeni w tym zapinane na zamki 2 w pasie i 1 na lewej nodze<o_p><\/o_p><\/li>\n<li>odblaski<o_p><\/o_p><\/li>\n<li><span style=\"font-family: Symbol;\"><span style=\"font-variant-numeric: normal; font-variant-east-asian: normal; font-variant-alternates: normal; font-kerning: auto; font-optical-sizing: auto; font-feature-settings: normal; font-variation-settings: normal; font-variant-position: normal; font-stretch: normal; font-size: 7pt; line-height: normal; font-family: 'Times New Roman';\">\u00a0<\/span><\/span>gumka w pasie<o_p><\/o_p><\/li>\n<li>CE Kategoria I<o_p><\/o_p><\/li>\n<li>EN ISO 13688<o_p><\/o_p><\/li>\n<\/ul>\n","protected":false},"excerpt":{"rendered":"<p>elastyczny materia\u0142 o w\u0142a\u015bciwo\u015bciach softshellu wysoka jako\u015b\u0107 odszycia potr\u00f3jne szwy wzmocnione ryglami 4-kierunkowy stretch 7 kieszeni w tym zapinane na zamki 2 w pasie i 1 na lewej nodze odblaski \u00a0gumka w pasie CE Kategoria I EN ISO 13688<\/p>\n","protected":false},"featured_media":20568,"comment_status":"closed","ping_status":"open","template":"","meta":[],"product_brand":[416],"product_cat":[440,523,524],"product_tag":[],"class_list":{"0":"post-20005","1":"product","2":"type-product","3":"status-publish","4":"has-post-thumbnail","6":"product_brand-stalco","7":"product_cat-odziez-robocza","8":"product_cat-szorty","9":"product_cat-szorty-robocze","10":"pa_kolor-szary","11":"pa_producent-stalco","12":"pa_rozmiar-2xl","13":"pa_rozmiar-3xl","14":"pa_rozmiar-4xl","15":"pa_rozmiar-l","16":"pa_rozmiar-m","17":"pa_rozmiar-s","18":"pa_rozmiar-xl","19":"pa_waga-0-49","20":"pa_waga-0-5","21":"pa_waga-0-54","22":"pa_waga-0-55","24":"first","25":"instock","26":"shipping-taxable","27":"purchasable","28":"product-type-variable","29":"has-default-attributes"},"_links":{"self":[{"href":"https:\/\/asbhp.pl\/index.php?rest_route=\/wp\/v2\/product\/20005","targetHints":{"allow":["GET"]}}],"collection":[{"href":"https:\/\/asbhp.pl\/index.php?rest_route=\/wp\/v2\/product"}],"about":[{"href":"https:\/\/asbhp.pl\/index.php?rest_route=\/wp\/v2\/types\/product"}],"replies":[{"embeddable":true,"href":"https:\/\/asbhp.pl\/index.php?rest_route=%2Fwp%2Fv2%2Fcomments&post=20005"}],"wp:featuredmedia":[{"embeddable":true,"href":"https:\/\/asbhp.pl\/index.php?rest_route=\/wp\/v2\/media\/20568"}],"wp:attachment":[{"href":"https:\/\/asbhp.pl\/index.php?rest_route=%2Fwp%2Fv2%2Fmedia&parent=20005"}],"wp:term":[{"taxonomy":"product_brand","embeddable":true,"href":"https:\/\/asbhp.pl\/index.php?rest_route=%2Fwp%2Fv2%2Fproduct_brand&post=20005"},{"taxonomy":"product_cat","embeddable":true,"href":"https:\/\/asbhp.pl\/index.php?rest_route=%2Fwp%2Fv2%2Fproduct_cat&post=20005"},{"taxonomy":"product_tag","embeddable":true,"href":"https:\/\/asbhp.pl\/index.php?rest_route=%2Fwp%2Fv2%2Fproduct_tag&post=20005"}],"curies":[{"name":"wp","href":"https:\/\/api.w.org\/{rel}","templated":true}]}}